{"id":164,"date":"2025-02-18T17:29:47","date_gmt":"2025-02-18T17:29:47","guid":{"rendered":"https:\/\/mojaknjiga.com\/?post_type=product&#038;p=164"},"modified":"2025-02-20T12:35:22","modified_gmt":"2025-02-20T12:35:22","slug":"bih-ono-najbolje","status":"publish","type":"product","link":"https:\/\/mojaknjiga.com\/?product=bih-ono-najbolje","title":{"rendered":"BiH Ono najbolje"},"content":{"rendered":"<p style=\"text-align: center;\">O knjizi<\/p>\n<p>Prizori u knjizi Ono najbolje &#8211; Bosna i Hercegovina predstavljaju slikovit sa\u017eetak svega onoga u \u010demu turisti iz BIH, regiona, kao i turisti iz drugih, udaljenih zemalja, mogu u\u017eivati prilikom posjete Bosni i Hercegovini.<\/p>\n<p>Knji\u017eevnost, muzika, arhitektura i obi\u010daji BiH na izuzetan i jedinstven na\u010din odr\u017eavaju kreativnu interakciju izme\u0111u razli\u010ditih religija i civilizacija. No, bogato kulturno naslije\u0111e BiH na pripada isklju\u010divo pro\u0161losti, nego je to \u017eiva materija \u010diju refleksiju vidimo na licima ljudi u ovoj knjizi. Kultura u ovoj zemlji nije stvar pro\u0161losti, nego svakodnevnog \u017eivota koji se slavi u kafi\u0107ima i na gradskim trgovima, u pjesmama, plesovima na vjen\u010danjima i festivalima. Tradicija je prisutna svuda oko nas &#8211; tradicija koja \u017eivi.<\/p>\n<p>Ono najbolje &#8211; Bosna i Hercegovina slavi ovaj mali dragulj: Bosnu i Hercegovinu i njene stanovnike.<\/p>\n","protected":false},"excerpt":{"rendered":"<p>O knjizi Prizori u knjizi Ono najbolje &#8211; Bosna i Hercegovina predstavljaju slikovit sa\u017eetak svega onoga u \u010demu turisti iz BIH, regiona, kao i turisti iz drugih, udaljenih zemalja, mogu u\u017eivati prilikom posjete Bosni i Hercegovini. Knji\u017eevnost, muzika, arhitektura i obi\u010daji BiH na izuzetan i jedinstven na\u010din odr\u017eavaju kreativnu interakciju izme\u0111u razli\u010ditih religija i civilizacija. [&hellip;]<\/p>\n","protected":false},"featured_media":249,"comment_status":"open","ping_status":"closed","template":"","meta":[],"product_brand":[],"product_cat":[15],"product_tag":[],"class_list":{"0":"post-164","1":"product","2":"type-product","3":"status-publish","4":"has-post-thumbnail","6":"product_cat-uncategorized","8":"first","9":"instock","10":"shipping-taxable","11":"purchasable","12":"product-type-simple"},"aioseo_notices":[],"_links":{"self":[{"href":"https:\/\/mojaknjiga.com\/index.php?rest_route=\/wp\/v2\/product\/164","targetHints":{"allow":["GET"]}}],"collection":[{"href":"https:\/\/mojaknjiga.com\/index.php?rest_route=\/wp\/v2\/product"}],"about":[{"href":"https:\/\/mojaknjiga.com\/index.php?rest_route=\/wp\/v2\/types\/product"}],"replies":[{"embeddable":true,"href":"https:\/\/mojaknjiga.com\/index.php?rest_route=%2Fwp%2Fv2%2Fcomments&post=164"}],"wp:featuredmedia":[{"embeddable":true,"href":"https:\/\/mojaknjiga.com\/index.php?rest_route=\/wp\/v2\/media\/249"}],"wp:attachment":[{"href":"https:\/\/mojaknjiga.com\/index.php?rest_route=%2Fwp%2Fv2%2Fmedia&parent=164"}],"wp:term":[{"taxonomy":"product_brand","embeddable":true,"href":"https:\/\/mojaknjiga.com\/index.php?rest_route=%2Fwp%2Fv2%2Fproduct_brand&post=164"},{"taxonomy":"product_cat","embeddable":true,"href":"https:\/\/mojaknjiga.com\/index.php?rest_route=%2Fwp%2Fv2%2Fproduct_cat&post=164"},{"taxonomy":"product_tag","embeddable":true,"href":"https:\/\/mojaknjiga.com\/index.php?rest_route=%2Fwp%2Fv2%2Fproduct_tag&post=164"}],"curies":[{"name":"wp","href":"https:\/\/api.w.org\/{rel}","templated":true}]}}