{"id":163,"date":"2025-02-18T17:27:24","date_gmt":"2025-02-18T17:27:24","guid":{"rendered":"https:\/\/mojaknjiga.com\/?post_type=product&#038;p=163"},"modified":"2025-02-20T12:36:29","modified_gmt":"2025-02-20T12:36:29","slug":"a-sto-sad","status":"publish","type":"product","link":"https:\/\/mojaknjiga.com\/?product=a-sto-sad","title":{"rendered":"A \u0161to sad?"},"content":{"rendered":"<p><em><strong>Knjiga &#8220;A \u0161to sad?&#8221; autora Josipa Muselimovi\u0107a je zbirka kratkih pri\u010da koje istra\u017euju teme \u017eivota, postojanja, i unutra\u0161njih dilema. Ove pri\u010de su introspektivne i govore o osobama koje se suo\u010davaju sa \u017eivotnim krizama, pitanjima postojanja i samorefleksije. U njegovim pri\u010dama, likovi se nalaze u razli\u010ditim \u017eivotnim situacijama koje ih tjeraju na dono\u0161enje odluka koje oblikuju njihove sudbine.<\/strong><\/em><\/p>\n","protected":false},"excerpt":{"rendered":"<p>Knjiga &#8220;A \u0161to sad?&#8221; autora Josipa Muselimovi\u0107a je zbirka kratkih pri\u010da koje istra\u017euju teme \u017eivota, postojanja, i unutra\u0161njih dilema. Ove pri\u010de su introspektivne i govore o osobama koje se suo\u010davaju sa \u017eivotnim krizama, pitanjima postojanja i samorefleksije. U njegovim pri\u010dama, likovi se nalaze u razli\u010ditim \u017eivotnim situacijama koje ih tjeraju na dono\u0161enje odluka koje oblikuju [&hellip;]<\/p>\n","protected":false},"featured_media":251,"comment_status":"open","ping_status":"closed","template":"","meta":[],"product_brand":[],"product_cat":[15],"product_tag":[],"class_list":{"0":"post-163","1":"product","2":"type-product","3":"status-publish","4":"has-post-thumbnail","6":"product_cat-uncategorized","8":"first","9":"instock","10":"shipping-taxable","11":"purchasable","12":"product-type-simple"},"aioseo_notices":[],"_links":{"self":[{"href":"https:\/\/mojaknjiga.com\/index.php?rest_route=\/wp\/v2\/product\/163","targetHints":{"allow":["GET"]}}],"collection":[{"href":"https:\/\/mojaknjiga.com\/index.php?rest_route=\/wp\/v2\/product"}],"about":[{"href":"https:\/\/mojaknjiga.com\/index.php?rest_route=\/wp\/v2\/types\/product"}],"replies":[{"embeddable":true,"href":"https:\/\/mojaknjiga.com\/index.php?rest_route=%2Fwp%2Fv2%2Fcomments&post=163"}],"wp:featuredmedia":[{"embeddable":true,"href":"https:\/\/mojaknjiga.com\/index.php?rest_route=\/wp\/v2\/media\/251"}],"wp:attachment":[{"href":"https:\/\/mojaknjiga.com\/index.php?rest_route=%2Fwp%2Fv2%2Fmedia&parent=163"}],"wp:term":[{"taxonomy":"product_brand","embeddable":true,"href":"https:\/\/mojaknjiga.com\/index.php?rest_route=%2Fwp%2Fv2%2Fproduct_brand&post=163"},{"taxonomy":"product_cat","embeddable":true,"href":"https:\/\/mojaknjiga.com\/index.php?rest_route=%2Fwp%2Fv2%2Fproduct_cat&post=163"},{"taxonomy":"product_tag","embeddable":true,"href":"https:\/\/mojaknjiga.com\/index.php?rest_route=%2Fwp%2Fv2%2Fproduct_tag&post=163"}],"curies":[{"name":"wp","href":"https:\/\/api.w.org\/{rel}","templated":true}]}}