{"id":161,"date":"2025-02-18T17:25:28","date_gmt":"2025-02-18T17:25:28","guid":{"rendered":"https:\/\/mojaknjiga.com\/?post_type=product&#038;p=161"},"modified":"2025-10-12T07:55:40","modified_gmt":"2025-10-12T07:55:40","slug":"divanhana","status":"publish","type":"product","link":"https:\/\/mojaknjiga.com\/?product=divanhana","title":{"rendered":"Divanhana"},"content":{"rendered":"<p>O knjizi<\/p>\n<p>Divanhana&#8221; je zbirka Alispahi\u0107evih kolumni objavljivanih u listu &#8220;Oslobo\u0111enje&#8221;, &#8220;Dnevnik revolucije&#8221; \u010ditaocima nudi odabranih 150 tekstova objavljenih u magazinu &#8220;Walter&#8221; od 2001. do 2005. godine, a &#8220;Ljetopis 2005&#8221; sadr\u017ei kratke komentare i zapa\u017eanja Alispahi\u0107a o konkretnim doga\u0111ajima u 365 dana minule godine. Govore\u0107i o svojim knjigama, on je kazao kako je on prvi novinar i intetektualac uop\u0107e koji je u svojim \u010dlancima i komentarima ukazivao na nepravde koje se posljednjih godina \u010dine Bo\u0161njacima. &#8220;Bilo da se radi o optu\u017ebama za islamski terorizam ili nasilju koje prema bo\u0161nja\u010dkim povratnicima \u010dine srpski i hrvatski nacionalisti, ove teme o kojima sam pisao, na\u017ealost, nisu zavr\u0161ene i prelijevaju se u na\u0161u budu\u0107nost&#8221;, kazao je Alispahi\u0107.<\/p>\n","protected":false},"excerpt":{"rendered":"<p>O knjizi Divanhana&#8221; je zbirka Alispahi\u0107evih kolumni objavljivanih u listu &#8220;Oslobo\u0111enje&#8221;, &#8220;Dnevnik revolucije&#8221; \u010ditaocima nudi odabranih 150 tekstova objavljenih u magazinu &#8220;Walter&#8221; od 2001. do 2005. godine, a &#8220;Ljetopis 2005&#8221; sadr\u017ei kratke komentare i zapa\u017eanja Alispahi\u0107a o konkretnim doga\u0111ajima u 365 dana minule godine. Govore\u0107i o svojim knjigama, on je kazao kako je on prvi [&hellip;]<\/p>\n","protected":false},"featured_media":252,"comment_status":"open","ping_status":"closed","template":"","meta":[],"product_brand":[],"product_cat":[15],"product_tag":[],"class_list":{"0":"post-161","1":"product","2":"type-product","3":"status-publish","4":"has-post-thumbnail","6":"product_cat-uncategorized","8":"first","9":"instock","10":"shipping-taxable","11":"purchasable","12":"product-type-simple"},"aioseo_notices":[],"_links":{"self":[{"href":"https:\/\/mojaknjiga.com\/index.php?rest_route=\/wp\/v2\/product\/161","targetHints":{"allow":["GET"]}}],"collection":[{"href":"https:\/\/mojaknjiga.com\/index.php?rest_route=\/wp\/v2\/product"}],"about":[{"href":"https:\/\/mojaknjiga.com\/index.php?rest_route=\/wp\/v2\/types\/product"}],"replies":[{"embeddable":true,"href":"https:\/\/mojaknjiga.com\/index.php?rest_route=%2Fwp%2Fv2%2Fcomments&post=161"}],"wp:featuredmedia":[{"embeddable":true,"href":"https:\/\/mojaknjiga.com\/index.php?rest_route=\/wp\/v2\/media\/252"}],"wp:attachment":[{"href":"https:\/\/mojaknjiga.com\/index.php?rest_route=%2Fwp%2Fv2%2Fmedia&parent=161"}],"wp:term":[{"taxonomy":"product_brand","embeddable":true,"href":"https:\/\/mojaknjiga.com\/index.php?rest_route=%2Fwp%2Fv2%2Fproduct_brand&post=161"},{"taxonomy":"product_cat","embeddable":true,"href":"https:\/\/mojaknjiga.com\/index.php?rest_route=%2Fwp%2Fv2%2Fproduct_cat&post=161"},{"taxonomy":"product_tag","embeddable":true,"href":"https:\/\/mojaknjiga.com\/index.php?rest_route=%2Fwp%2Fv2%2Fproduct_tag&post=161"}],"curies":[{"name":"wp","href":"https:\/\/api.w.org\/{rel}","templated":true}]}}