{"id":157,"date":"2025-02-18T17:18:49","date_gmt":"2025-02-18T17:18:49","guid":{"rendered":"https:\/\/mojaknjiga.com\/?post_type=product&#038;p=157"},"modified":"2025-02-20T12:41:30","modified_gmt":"2025-02-20T12:41:30","slug":"zlocini-nad-banjaluckom-krajinom","status":"publish","type":"product","link":"https:\/\/mojaknjiga.com\/?product=zlocini-nad-banjaluckom-krajinom","title":{"rendered":"Zlo\u010dini nad banjalu\u010dkom krajinom"},"content":{"rendered":"<p>O knjizi<\/p>\n<p>Ova knjiga se bavi doga\u0111ajima tokom ratnih godina u Bosni i Hercegovini, posebno u regiji Banja Luka. Autor istra\u017euje zlo\u010dine i stradanja tokom tog perioda.<\/p>\n<p>&nbsp;<\/p>\n<p>O autoru<\/p>\n<p><strong>KRZI\u0106, Muharem<\/strong><\/p>\n<p><img decoding=\"async\" src=\"https:\/\/www.bosnjaci.net\/foto\/krzic_big.jpg\" width=\"250\" align=\"right\" border=\"0\" \/>rodjen je u Maglaju 1940. godine. Zavr\u0161io je Veterinarski fakultet u Zagrebu, magisterij iz tehnologije namirnica u Sarajevu, a specijalizaciju u Danskoj. Uspje\u0161nu profesionalnu karijeru nadopunio je istra\u017eivanjem zagadjenja okoli\u0161a te\u0161kim metalima (1975.). Objavio je desetak nau\u00e8no-stru\u00e8nih radova i politi\u00e8kih publikacija. U vrijeme pada komunizma i demokratskih promjena, biva jednim od utemeljiva\u00e8a Stranke Demokratske Akcije Bosanske Krajine, te 1990. prvim tajnikom SDA za Banja Luku, a na prvim izborima 1991. godine njenim predsjednikom. Za vrijeme agresije na BiH, te okupacije Banja Luke, odlu\u00e8uje da ostane sa svojim sugradjanima u okupiranom gradu, gdje putem inozemnih medija nastoji upoznati svjetsku javnost o de\u0161avanjima na okupiranoj teritoriji, o teroru nad Bo\u0161njacima i Hrvatima, o progonima, masovnim egzekucijama, genocidu. Uz pomo\u00e6 drugih patriota uspijeva tajno prikupljati informacije o neprijateljskim snagama, masovnim zlo\u00e8inima, te ih slati na na\u0161u diplomatsku Misiju pri OUN u New Yorku. To \u00e6e doprinijeti da US Kongres bude dodatno informiran, te time doprinijeti anga\u017eiranju SAD u zaustavljanju agresije na Republiku Bosnu i Hercegovinu.<br \/>\nNakon hap\u0161enja, istrage i fizi\u00e8ke torture, a zahvaljuju\u00e6i \u00e8injenici da agresor nije otkrio njegovu tajnu djelatnost, medjunarodnom intervencijom kao i posredovanjem \u00e8elnika BiH, biva spa\u0161en od likvidacije, te protjeran u Hrvatsku krajem 1993.<\/p>\n<p>&nbsp;<\/p>\n","protected":false},"excerpt":{"rendered":"<p>O knjizi Ova knjiga se bavi doga\u0111ajima tokom ratnih godina u Bosni i Hercegovini, posebno u regiji Banja Luka. Autor istra\u017euje zlo\u010dine i stradanja tokom tog perioda. &nbsp; O autoru KRZI\u0106, Muharem rodjen je u Maglaju 1940. godine. Zavr\u0161io je Veterinarski fakultet u Zagrebu, magisterij iz tehnologije namirnica u Sarajevu, a specijalizaciju u Danskoj. Uspje\u0161nu [&hellip;]<\/p>\n","protected":false},"featured_media":254,"comment_status":"open","ping_status":"closed","template":"","meta":[],"product_brand":[],"product_cat":[15],"product_tag":[],"class_list":{"0":"post-157","1":"product","2":"type-product","3":"status-publish","4":"has-post-thumbnail","6":"product_cat-uncategorized","8":"first","9":"instock","10":"shipping-taxable","11":"purchasable","12":"product-type-simple"},"aioseo_notices":[],"_links":{"self":[{"href":"https:\/\/mojaknjiga.com\/index.php?rest_route=\/wp\/v2\/product\/157","targetHints":{"allow":["GET"]}}],"collection":[{"href":"https:\/\/mojaknjiga.com\/index.php?rest_route=\/wp\/v2\/product"}],"about":[{"href":"https:\/\/mojaknjiga.com\/index.php?rest_route=\/wp\/v2\/types\/product"}],"replies":[{"embeddable":true,"href":"https:\/\/mojaknjiga.com\/index.php?rest_route=%2Fwp%2Fv2%2Fcomments&post=157"}],"wp:featuredmedia":[{"embeddable":true,"href":"https:\/\/mojaknjiga.com\/index.php?rest_route=\/wp\/v2\/media\/254"}],"wp:attachment":[{"href":"https:\/\/mojaknjiga.com\/index.php?rest_route=%2Fwp%2Fv2%2Fmedia&parent=157"}],"wp:term":[{"taxonomy":"product_brand","embeddable":true,"href":"https:\/\/mojaknjiga.com\/index.php?rest_route=%2Fwp%2Fv2%2Fproduct_brand&post=157"},{"taxonomy":"product_cat","embeddable":true,"href":"https:\/\/mojaknjiga.com\/index.php?rest_route=%2Fwp%2Fv2%2Fproduct_cat&post=157"},{"taxonomy":"product_tag","embeddable":true,"href":"https:\/\/mojaknjiga.com\/index.php?rest_route=%2Fwp%2Fv2%2Fproduct_tag&post=157"}],"curies":[{"name":"wp","href":"https:\/\/api.w.org\/{rel}","templated":true}]}}