{"id":155,"date":"2025-02-18T17:16:08","date_gmt":"2025-02-18T17:16:08","guid":{"rendered":"https:\/\/mojaknjiga.com\/?post_type=product&#038;p=155"},"modified":"2025-02-20T12:45:47","modified_gmt":"2025-02-20T12:45:47","slug":"orwellend-i-rubni-eseji","status":"publish","type":"product","link":"https:\/\/mojaknjiga.com\/?product=orwellend-i-rubni-eseji","title":{"rendered":"Orwellend i rubni eseji"},"content":{"rendered":"<p>O knjizi<\/p>\n<p>Orwelland je moj dora\u0111eni diplomski rad Politi\u010dka publicistikau knji\u017eevnosti Georgea Orwella, pisan i odbranjenpod mentorstvom akademika Tvrtka Kulenovi\u0107a. Esej Bosanskiduh u Bosni &#8211; \u0161ta je to? pisan je za \u010dasopis Ostrvo,pod uredni\u0161tvom prof. dr. Vedada Spahi\u0107a. Ostali tekstovisu nastajali u okviru mog postdiplomskog studija naFilozofskom fakultetu u Sarajevu. Esej Intermedijalnost uprozi Karima Zaimovi\u0107a nastao je kao seminarski rad napredmetu Knji\u017eevne teorije XX stolje\u0107a, pod mentorstvomprof. dr. Nirman Moranjak Bambura\u0107, a esej Izme\u0111u literaturei \u017eurnalizma: \u017danrovski status i poeti\u010dke osobenostikolumnisti\u010dkih tekstova bh. knji\u017eevnika, kao seminarskirad na predmetu \\&#8221;Granica\\&#8221; i \\&#8221;razlika\\&#8221; u knji\u017eevnosti, podmentorstvom prof. dr. Muhameda D\u017eelilovi\u0107a. Prof. dr.Fahrudin Rizvanbegovi\u0107 bio je mentor na izradi mogamagistarskog rada Bo\u0161nja\u010dka drama u austrougarskomperiodu, odakle je ve\u0107im dijelom proizi\u0161ao rad Politi\u010dke refleksije u bo\u0161nja\u010dkoj knji\u017eevnosti austrougarskog periodakoji je predstavljen na Me\u0111unarodnoj konferenciji Bosnai Hercegovina u okviru Austro-Ugarske 1878 &#8211; 1918,odr\u017eanoj u organizacji Filozofskog fakulteta u Sarajevu,Ureda austrijske kooperacije za nauku, obrazovanje ikulturu, te Akademije nauka i umjetnosti Bosne i Hercegovine,30. i 31. marta 2009. godine. Esej Historijskatrauma bo\u0161nja\u010dkog romana ra\u0111en je kao seminarski radna predmetu Bo\u0161nja\u010dki roman do drugog svjetskog rata,pod mentorstvom prof. dr. Fahrudina Rizvanbegovi\u0107a.Knjiga Orwelland i rubni eseji nastaje iz razumljive autorskepotrebe da se uokviri jedan stvarala\u010dki period. Zahvalansam uva\u017eenim profesorima, kao i prijateljima kojisu puhali u jedra ove knjige.Batva, decembar\/prosinac 2011. Mr. sc. Fatmir Alispahi\u0107<\/p>\n<p>&nbsp;<\/p>\n<p>O autoru<\/p>\n<p><strong>ALISPAHI\u0106, Mr. Fatmir<\/strong><\/p>\n<p><img decoding=\"async\" src=\"https:\/\/www.bosnjaci.net\/foto\/150_Fatmir_Alispah1.jpg\" width=\"150\" align=\"right\" border=\"0\" \/>je ro\u0111en 9. 11. 1966. godine u Tuzli, u porodici knji\u017eevnika mr. Nijaza Alispahi\u0107a i ginekologinje prof. dr. Nisvete Alispahi\u0107. Njegova sestra je poznata bh. glumica Selma Alispahi\u0107.<br \/>\nNa Filozofskom fakultetu u Sarajevu je diplomirao komparativnu knji\u017eevnost i bibliotekarstvo, zavr\u0161io postdiplomski studij iz knji\u017eevno-historijskih nauka i odbranio magistarski rad na temu \u201eBo\u0161nja\u010dka drama austrougarskog perioda\u201c.<br \/>\nAutor je 14 knjiga, \u010detiri izvedena dramska teksta, vi\u0161e desetina televizijskih i radijskih emisija te velikog broja publikacija, izlo\u017ebi, publicisti\u010dkih, stru\u010dnih i nau\u010dnih radova.<br \/>\nNagra\u0111ivan je za poeziju, prozu i novinarstvo.<br \/>\n\u010clan je Dru\u0161tva pisaca Bosne i Hercegovine.<br \/>\nU knji\u017eevnosti se javio 1989. godine, kada je dobio Nagradu \u201eMak Dizdar\u201c za zbirku poezije \u201eRodoslov\u201c. Nagrade \u201eOslobo\u0111enja\u201c i \u201eGlasa\u201c za kratku pri\u010du dobio je 1990. i 1991. godine. Nije dobitnik ni jednog dru\u0161tvenog priznanja.<br \/>\nNovinarstvom se bavi od 1988. godine. Prije rata je bio saradnik brojnih listova u biv\u0161oj Jugoslaviji, a poslije rata kolumnista vode\u0107ih bosanskohercegova\u010dkih listova i \u010dasopisa. Nagra\u0111ivan je Godi\u0161njim novinarskim nagradama 1991. i 1993.<br \/>\nOsniva\u010d je i suosniva\u010d nekoliko nevladinih organizacija, organizator i sudionik brojnih skupova iz oblasti politi\u010dke, dru\u0161tvene i kulturalne zbilje Bosne i Hercegovine.<\/p>\n","protected":false},"excerpt":{"rendered":"<p>O knjizi Orwelland je moj dora\u0111eni diplomski rad Politi\u010dka publicistikau knji\u017eevnosti Georgea Orwella, pisan i odbranjenpod mentorstvom akademika Tvrtka Kulenovi\u0107a. Esej Bosanskiduh u Bosni &#8211; \u0161ta je to? pisan je za \u010dasopis Ostrvo,pod uredni\u0161tvom prof. dr. Vedada Spahi\u0107a. Ostali tekstovisu nastajali u okviru mog postdiplomskog studija naFilozofskom fakultetu u Sarajevu. Esej Intermedijalnost uprozi Karima Zaimovi\u0107a [&hellip;]<\/p>\n","protected":false},"featured_media":258,"comment_status":"open","ping_status":"closed","template":"","meta":[],"product_brand":[],"product_cat":[15],"product_tag":[],"class_list":{"0":"post-155","1":"product","2":"type-product","3":"status-publish","4":"has-post-thumbnail","6":"product_cat-uncategorized","8":"first","9":"instock","10":"shipping-taxable","11":"purchasable","12":"product-type-simple"},"aioseo_notices":[],"_links":{"self":[{"href":"https:\/\/mojaknjiga.com\/index.php?rest_route=\/wp\/v2\/product\/155","targetHints":{"allow":["GET"]}}],"collection":[{"href":"https:\/\/mojaknjiga.com\/index.php?rest_route=\/wp\/v2\/product"}],"about":[{"href":"https:\/\/mojaknjiga.com\/index.php?rest_route=\/wp\/v2\/types\/product"}],"replies":[{"embeddable":true,"href":"https:\/\/mojaknjiga.com\/index.php?rest_route=%2Fwp%2Fv2%2Fcomments&post=155"}],"wp:featuredmedia":[{"embeddable":true,"href":"https:\/\/mojaknjiga.com\/index.php?rest_route=\/wp\/v2\/media\/258"}],"wp:attachment":[{"href":"https:\/\/mojaknjiga.com\/index.php?rest_route=%2Fwp%2Fv2%2Fmedia&parent=155"}],"wp:term":[{"taxonomy":"product_brand","embeddable":true,"href":"https:\/\/mojaknjiga.com\/index.php?rest_route=%2Fwp%2Fv2%2Fproduct_brand&post=155"},{"taxonomy":"product_cat","embeddable":true,"href":"https:\/\/mojaknjiga.com\/index.php?rest_route=%2Fwp%2Fv2%2Fproduct_cat&post=155"},{"taxonomy":"product_tag","embeddable":true,"href":"https:\/\/mojaknjiga.com\/index.php?rest_route=%2Fwp%2Fv2%2Fproduct_tag&post=155"}],"curies":[{"name":"wp","href":"https:\/\/api.w.org\/{rel}","templated":true}]}}