{"id":140,"date":"2025-02-18T13:06:47","date_gmt":"2025-02-18T13:06:47","guid":{"rendered":"https:\/\/mojaknjiga.com\/?post_type=product&#038;p=140"},"modified":"2025-02-20T12:48:09","modified_gmt":"2025-02-20T12:48:09","slug":"antimigrant","status":"publish","type":"product","link":"https:\/\/mojaknjiga.com\/?product=antimigrant","title":{"rendered":"Antimigrant"},"content":{"rendered":"<p>Knjiga o:<\/p>\n<p>O teroru migrantskih hordi nad bh. gra\u0111anima: ubistva, silovanja, plja\u010dke, paljevine\u2026<\/p>\n<p>O zloupotrebi Islamske zajednice i \u017ertava genocida za kamufla\u017eu trgovine ljudima<\/p>\n<p>O migrantskom bunkeru u Biha\u0107u i ruskoj agresiji na Ukrajinu<\/p>\n<p>O korupciji u pravosudnim i sigurnosnim organima<\/p>\n<p>O prvoj optu\u017enici za verbalni delikt nakon pada komunizma<\/p>\n<p>&nbsp;<\/p>\n<p>O autoru<\/p>\n<p>&nbsp;<\/p>\n<div class=\"entry-content wp-block-post-content has-global-padding is-layout-constrained wp-block-post-content-is-layout-constrained\">\n<p>Fatmir Alispahi\u0107 je ro\u0111en 9. 11. 1966. godine u Tuzli, u porodici knji\u017eevnika mr. Nijaza Alispahi\u0107a i ginekologinje prof. dr. Nisvete Alispahi\u0107. Njegova sestra je poznata bh. glumica Selma Alispahi\u0107.<br \/>\nNa Filozofskom fakultetu u Sarajevu je diplomirao komparativnu knji\u017eevnost i bibliotekarstvo, zavr\u0161io postdiplomski studij iz knji\u017eevno-historijskih nauka i odbranio magistarski rad na temu \u201eBo\u0161nja\u010dka drama austrougarskog perioda\u201c.<br \/>\nAutor je 14 knjiga, \u010detiri izvedena dramska teksta, vi\u0161e desetina televizijskih i radijskih emisija te velikog broja publikacija, izlo\u017ebi, publicisti\u010dkih, stru\u010dnih i nau\u010dnih radova.<br \/>\nNagra\u0111ivan je za poeziju, prozu i novinarstvo.<br \/>\n\u010clan je Dru\u0161tva pisaca Bosne i Hercegovine.<br \/>\nU knji\u017eevnosti se javio 1989. godine, kada je dobio Nagradu \u201eMak Dizdar\u201c za zbirku poezije \u201eRodoslov\u201c. Nagrade \u201eOslobo\u0111enja\u201c i \u201eGlasa\u201c za kratku pri\u010du dobio je 1990. i 1991. godine. Nije dobitnik ni jednog dru\u0161tvenog priznanja.<br \/>\nNovinarstvom se bavi od 1988. godine. Prije rata je bio saradnik brojnih listova u biv\u0161oj Jugoslaviji, a poslije rata kolumnista vode\u0107ih bosanskohercegova\u010dkih listova i \u010dasopisa. Nagra\u0111ivan je Godi\u0161njim novinarskim nagradama 1991. i 1993.<br \/>\nOsniva\u010d je i suosniva\u010d nekoliko nevladinih organizacija, organizator i sudionik brojnih skupova iz oblasti politi\u010dke, dru\u0161tvene i kulturalne zbilje Bosne i Hercegovine. Pokreta\u010d je Nagrade \u201eMe\u0161a Selimovi\u0107\u201c za najbolji roman.<br \/>\nAutor je nekoliko pisanih spomenika o \u0161ehidima i civilnim \u017ertvama Tuzle.<br \/>\nOd 1993. do 2003. obavljao funkciju rukovodioca Press centra Op\u0107ine Tuzla.<br \/>\nU administraciji na\u010delnika Tuzle, mislioca Jasmina Imamovi\u0107a (SDP), je kao magistar nauka anga\u017eiran na poslovima izdavanja potvrda o smrti za lica koja su umrla izvan zdravstvenih ustanova.<\/p>\n<p>&nbsp;<\/p>\n<\/div>\n<p>&nbsp;<\/p>\n<div class=\"wp-block-group has-global-padding is-layout-constrained wp-block-group-is-layout-constrained\"><\/div>\n","protected":false},"excerpt":{"rendered":"<p>Knjiga o: O teroru migrantskih hordi nad bh. gra\u0111anima: ubistva, silovanja, plja\u010dke, paljevine\u2026 O zloupotrebi Islamske zajednice i \u017ertava genocida za kamufla\u017eu trgovine ljudima O migrantskom bunkeru u Biha\u0107u i ruskoj agresiji na Ukrajinu O korupciji u pravosudnim i sigurnosnim organima O prvoj optu\u017enici za verbalni delikt nakon pada komunizma &nbsp; O autoru &nbsp; Fatmir [&hellip;]<\/p>\n","protected":false},"featured_media":260,"comment_status":"open","ping_status":"closed","template":"","meta":[],"product_brand":[],"product_cat":[15],"product_tag":[],"class_list":{"0":"post-140","1":"product","2":"type-product","3":"status-publish","4":"has-post-thumbnail","6":"product_cat-uncategorized","8":"first","9":"instock","10":"shipping-taxable","11":"purchasable","12":"product-type-simple"},"aioseo_notices":[],"_links":{"self":[{"href":"https:\/\/mojaknjiga.com\/index.php?rest_route=\/wp\/v2\/product\/140","targetHints":{"allow":["GET"]}}],"collection":[{"href":"https:\/\/mojaknjiga.com\/index.php?rest_route=\/wp\/v2\/product"}],"about":[{"href":"https:\/\/mojaknjiga.com\/index.php?rest_route=\/wp\/v2\/types\/product"}],"replies":[{"embeddable":true,"href":"https:\/\/mojaknjiga.com\/index.php?rest_route=%2Fwp%2Fv2%2Fcomments&post=140"}],"wp:featuredmedia":[{"embeddable":true,"href":"https:\/\/mojaknjiga.com\/index.php?rest_route=\/wp\/v2\/media\/260"}],"wp:attachment":[{"href":"https:\/\/mojaknjiga.com\/index.php?rest_route=%2Fwp%2Fv2%2Fmedia&parent=140"}],"wp:term":[{"taxonomy":"product_brand","embeddable":true,"href":"https:\/\/mojaknjiga.com\/index.php?rest_route=%2Fwp%2Fv2%2Fproduct_brand&post=140"},{"taxonomy":"product_cat","embeddable":true,"href":"https:\/\/mojaknjiga.com\/index.php?rest_route=%2Fwp%2Fv2%2Fproduct_cat&post=140"},{"taxonomy":"product_tag","embeddable":true,"href":"https:\/\/mojaknjiga.com\/index.php?rest_route=%2Fwp%2Fv2%2Fproduct_tag&post=140"}],"curies":[{"name":"wp","href":"https:\/\/api.w.org\/{rel}","templated":true}]}}