{"id":138,"date":"2025-02-18T13:03:44","date_gmt":"2025-02-18T13:03:44","guid":{"rendered":"https:\/\/mojaknjiga.com\/?post_type=product&#038;p=138"},"modified":"2025-02-18T13:16:51","modified_gmt":"2025-02-18T13:16:51","slug":"rat-protiv-bosne-otpor-pobjeda-izdaja","status":"publish","type":"product","link":"https:\/\/mojaknjiga.com\/?product=rat-protiv-bosne-otpor-pobjeda-izdaja","title":{"rendered":"Rat protiv Bosne, otpor, pobjeda, izdaja"},"content":{"rendered":"<p>&#8211; U knjizi se referira na ono \u0161to se doga\u0111alo u tom kraju, prije svega u Banjoj Luci. Pripremama za otpor, akcijama otpora, diverzijama. Ali i onome \u0161to se doga\u0111alo u Kotor-Varo\u0161i, Varcar-Vakufu, Jajcu<\/p>\n<p>Knjiga Rat protiv Bosne \u2013 otpor, pobjeda, izdaja, \u010diji je autor bosanski diplomata i publicista Muharem Krzi\u0107, dosad je najozbiljnija dekonstrukcija mitova i obmana politike koju predstavlja Stranka demokratske akcije i njen lider Alija Izetbegovi\u0107. Javnost po prvi put ima mogu\u0107nost da se na konkretnim, dokumentiranim primjerima uvjeri u neiskrenost i manipulativnost politike prema Bosni i Hercegovini, koja je zakonomjerno zasnovana na tripartitnom redukcionizmu, kako u vrijeme genocidne agresije, tako i u postratnom periodu. Krzi\u0107 je i kao svjedok genocida, i kao svjedok diplomatskih i politi\u010dkih tokova, te kao biv\u0161i \u010dlan SDA i predsjednik njenog banjalu\u010dkog ogranka, prvorazredni svjedok predratnih, ratnih i poslijeratnih doga\u0111aja, a time i relevantan svjedok historijskih doga\u0111aja. Njegova knjiga nudi dramati\u010dno razli\u010dite \u010dinjenice u odnosu na ono \u0161to uporno javno plasiraju pojedini bo\u0161nja\u010dki autori iz etno-klerikalnih krugova.<\/p>\n<p>&nbsp;<\/p>\n<p>O autoru<\/p>\n<div class=\"gs\">\n<div class=\"\">\n<div id=\":19e\" class=\"ii gt\">\n<div id=\":19f\" class=\"a3s aiL \">\n<div dir=\"auto\">Muharem Krzi\u0107, ro\u0111en 19.12,1940, godine u Maglaju.-Zavr\u0161io je gimnaziju u Banja Luci, veterinarski fakultet u Zagrebu, te magistrirao tehnologiju namirnica u Sarajevu. Kao stipendista FAO obavio specializaciju u Danskoj. Pryi u SFRJ je objavio rad a zaga\u0111enju okoli\u0161a te\u0161kim metalima (\u0160to je potaklo zakonske promjene). Objavio desetak nau\u010dnih i stru\u010dnih radova i brajne politi\u010dke \u010dlanke od po\u010detka demokratskih promjena 1990. Godine do danas, te se politi\u010dki anga\u017eovao na organizaciji bo\u0161nja\u010dkag naroda kao predsjednik SDA Banja Luka. U toku agresije i okupacije Bosanske Krajine 1992-1994. godine vodio je tajnu grupu otpora sto je opisano u knjigama *Zlo\u010dini nad Bosanskom Krajinom 1992-94* * knjizi &#8220;Svjedo\u010diti zlo\u010din i Bosnoljublje&#8221;. \u010clan je Patriotske lige od septembra 1991. godine. Me\u0111unarodnom intervencijom spa\u0161en iz \u010detnickog istra\u017enog zatvora, te biva upu\u0107en u diplomatiju RBiH kao: otpravnik poslova Ambasade u Londonu, generalni konzul Oslo, savjetnik u Ambasadi Va\u0161ington i kratko kao otpravnik poslova u Islamabadu. Bio je svjedok Tu\u017eila\u0161tva Me\u0111unaradnog suda za biv\u0161u Jugoslaviju i saradnik u pripremanju optu\u017enica u nizu predmeta.<\/div>\n<\/div>\n<\/div>\n<\/div>\n<\/div>\n","protected":false},"excerpt":{"rendered":"<p>&#8211; U knjizi se referira na ono \u0161to se doga\u0111alo u tom kraju, prije svega u Banjoj Luci. Pripremama za otpor, akcijama otpora, diverzijama. Ali i onome \u0161to se doga\u0111alo u Kotor-Varo\u0161i, Varcar-Vakufu, Jajcu Knjiga Rat protiv Bosne \u2013 otpor, pobjeda, izdaja, \u010diji je autor bosanski diplomata i publicista Muharem Krzi\u0107, dosad je najozbiljnija dekonstrukcija [&hellip;]<\/p>\n","protected":false},"featured_media":139,"comment_status":"open","ping_status":"closed","template":"","meta":[],"product_brand":[],"product_cat":[15],"product_tag":[],"class_list":{"0":"post-138","1":"product","2":"type-product","3":"status-publish","4":"has-post-thumbnail","6":"product_cat-uncategorized","8":"first","9":"instock","10":"shipping-taxable","11":"purchasable","12":"product-type-simple"},"aioseo_notices":[],"_links":{"self":[{"href":"https:\/\/mojaknjiga.com\/index.php?rest_route=\/wp\/v2\/product\/138","targetHints":{"allow":["GET"]}}],"collection":[{"href":"https:\/\/mojaknjiga.com\/index.php?rest_route=\/wp\/v2\/product"}],"about":[{"href":"https:\/\/mojaknjiga.com\/index.php?rest_route=\/wp\/v2\/types\/product"}],"replies":[{"embeddable":true,"href":"https:\/\/mojaknjiga.com\/index.php?rest_route=%2Fwp%2Fv2%2Fcomments&post=138"}],"wp:featuredmedia":[{"embeddable":true,"href":"https:\/\/mojaknjiga.com\/index.php?rest_route=\/wp\/v2\/media\/139"}],"wp:attachment":[{"href":"https:\/\/mojaknjiga.com\/index.php?rest_route=%2Fwp%2Fv2%2Fmedia&parent=138"}],"wp:term":[{"taxonomy":"product_brand","embeddable":true,"href":"https:\/\/mojaknjiga.com\/index.php?rest_route=%2Fwp%2Fv2%2Fproduct_brand&post=138"},{"taxonomy":"product_cat","embeddable":true,"href":"https:\/\/mojaknjiga.com\/index.php?rest_route=%2Fwp%2Fv2%2Fproduct_cat&post=138"},{"taxonomy":"product_tag","embeddable":true,"href":"https:\/\/mojaknjiga.com\/index.php?rest_route=%2Fwp%2Fv2%2Fproduct_tag&post=138"}],"curies":[{"name":"wp","href":"https:\/\/api.w.org\/{rel}","templated":true}]}}