{"id":137,"date":"2025-02-18T13:01:24","date_gmt":"2025-02-18T13:01:24","guid":{"rendered":"https:\/\/mojaknjiga.com\/?post_type=product&#038;p=137"},"modified":"2025-02-20T12:51:58","modified_gmt":"2025-02-20T12:51:58","slug":"svjedociti-zlocin-i-bosnoljublje","status":"publish","type":"product","link":"https:\/\/mojaknjiga.com\/?product=svjedociti-zlocin-i-bosnoljublje","title":{"rendered":"Svjedo\u010diti zlo\u010din i bosnoljublje"},"content":{"rendered":"<p>Knjiga\u00a0<strong>\u201cSvjedo\u010diti zlo\u010din i bosnoljublje\u201d<\/strong>\u00a0autora Muharema Krzi\u0107a, objavljena 2003. godine, zbirka je svjedo\u010danstava i analiza o doga\u0111anjima u Banjoj Luci tijekom rata u Bosni i Hercegovini od 1992. do 1995. godine. Osim Krzi\u0107a, u knjizi sudjeluju i drugi autori: Osman Selak, Bedrudin Gu\u0161i\u0107, Muhamed Sadikovi\u0107 i Hamdija Todorovac.<\/p>\n","protected":false},"excerpt":{"rendered":"<p>Knjiga\u00a0\u201cSvjedo\u010diti zlo\u010din i bosnoljublje\u201d\u00a0autora Muharema Krzi\u0107a, objavljena 2003. godine, zbirka je svjedo\u010danstava i analiza o doga\u0111anjima u Banjoj Luci tijekom rata u Bosni i Hercegovini od 1992. do 1995. godine. Osim Krzi\u0107a, u knjizi sudjeluju i drugi autori: Osman Selak, Bedrudin Gu\u0161i\u0107, Muhamed Sadikovi\u0107 i Hamdija Todorovac.<\/p>\n","protected":false},"featured_media":261,"comment_status":"open","ping_status":"closed","template":"","meta":[],"product_brand":[],"product_cat":[15],"product_tag":[],"class_list":{"0":"post-137","1":"product","2":"type-product","3":"status-publish","4":"has-post-thumbnail","6":"product_cat-uncategorized","8":"first","9":"instock","10":"shipping-taxable","11":"purchasable","12":"product-type-simple"},"aioseo_notices":[],"_links":{"self":[{"href":"https:\/\/mojaknjiga.com\/index.php?rest_route=\/wp\/v2\/product\/137","targetHints":{"allow":["GET"]}}],"collection":[{"href":"https:\/\/mojaknjiga.com\/index.php?rest_route=\/wp\/v2\/product"}],"about":[{"href":"https:\/\/mojaknjiga.com\/index.php?rest_route=\/wp\/v2\/types\/product"}],"replies":[{"embeddable":true,"href":"https:\/\/mojaknjiga.com\/index.php?rest_route=%2Fwp%2Fv2%2Fcomments&post=137"}],"wp:featuredmedia":[{"embeddable":true,"href":"https:\/\/mojaknjiga.com\/index.php?rest_route=\/wp\/v2\/media\/261"}],"wp:attachment":[{"href":"https:\/\/mojaknjiga.com\/index.php?rest_route=%2Fwp%2Fv2%2Fmedia&parent=137"}],"wp:term":[{"taxonomy":"product_brand","embeddable":true,"href":"https:\/\/mojaknjiga.com\/index.php?rest_route=%2Fwp%2Fv2%2Fproduct_brand&post=137"},{"taxonomy":"product_cat","embeddable":true,"href":"https:\/\/mojaknjiga.com\/index.php?rest_route=%2Fwp%2Fv2%2Fproduct_cat&post=137"},{"taxonomy":"product_tag","embeddable":true,"href":"https:\/\/mojaknjiga.com\/index.php?rest_route=%2Fwp%2Fv2%2Fproduct_tag&post=137"}],"curies":[{"name":"wp","href":"https:\/\/api.w.org\/{rel}","templated":true}]}}