{"id":136,"date":"2025-02-18T12:59:48","date_gmt":"2025-02-18T12:59:48","guid":{"rendered":"https:\/\/mojaknjiga.com\/?post_type=product&#038;p=136"},"modified":"2025-02-20T12:52:39","modified_gmt":"2025-02-20T12:52:39","slug":"bosanski-kralj-po-prvi-put","status":"publish","type":"product","link":"https:\/\/mojaknjiga.com\/?product=bosanski-kralj-po-prvi-put","title":{"rendered":"Bosanski kralj po prvi put"},"content":{"rendered":"<p>\u201eBosanski kralj po drugi put me\u0111u Bosancima\u201c je prva knjiga koja na duhovit i satiri\u010dan na\u010din donosi pri\u010du o jednom od najturbulentnijih razdoblja u povijesti Bosne. Ova jedinstvena knjiga kombinira humor, ironiju i o\u0161tru dru\u0161tvenu kritiku, vra\u0107aju\u0107i nas u vrijeme bosanske tragedije s dozom smijeha koja ne skriva ozbiljnu poruku.<\/p>\n","protected":false},"excerpt":{"rendered":"<p>\u201eBosanski kralj po drugi put me\u0111u Bosancima\u201c je prva knjiga koja na duhovit i satiri\u010dan na\u010din donosi pri\u010du o jednom od najturbulentnijih razdoblja u povijesti Bosne. Ova jedinstvena knjiga kombinira humor, ironiju i o\u0161tru dru\u0161tvenu kritiku, vra\u0107aju\u0107i nas u vrijeme bosanske tragedije s dozom smijeha koja ne skriva ozbiljnu poruku.<\/p>\n","protected":false},"featured_media":262,"comment_status":"open","ping_status":"closed","template":"","meta":[],"product_brand":[],"product_cat":[15],"product_tag":[],"class_list":{"0":"post-136","1":"product","2":"type-product","3":"status-publish","4":"has-post-thumbnail","6":"product_cat-uncategorized","8":"first","9":"instock","10":"shipping-taxable","11":"purchasable","12":"product-type-simple"},"aioseo_notices":[],"_links":{"self":[{"href":"https:\/\/mojaknjiga.com\/index.php?rest_route=\/wp\/v2\/product\/136","targetHints":{"allow":["GET"]}}],"collection":[{"href":"https:\/\/mojaknjiga.com\/index.php?rest_route=\/wp\/v2\/product"}],"about":[{"href":"https:\/\/mojaknjiga.com\/index.php?rest_route=\/wp\/v2\/types\/product"}],"replies":[{"embeddable":true,"href":"https:\/\/mojaknjiga.com\/index.php?rest_route=%2Fwp%2Fv2%2Fcomments&post=136"}],"wp:featuredmedia":[{"embeddable":true,"href":"https:\/\/mojaknjiga.com\/index.php?rest_route=\/wp\/v2\/media\/262"}],"wp:attachment":[{"href":"https:\/\/mojaknjiga.com\/index.php?rest_route=%2Fwp%2Fv2%2Fmedia&parent=136"}],"wp:term":[{"taxonomy":"product_brand","embeddable":true,"href":"https:\/\/mojaknjiga.com\/index.php?rest_route=%2Fwp%2Fv2%2Fproduct_brand&post=136"},{"taxonomy":"product_cat","embeddable":true,"href":"https:\/\/mojaknjiga.com\/index.php?rest_route=%2Fwp%2Fv2%2Fproduct_cat&post=136"},{"taxonomy":"product_tag","embeddable":true,"href":"https:\/\/mojaknjiga.com\/index.php?rest_route=%2Fwp%2Fv2%2Fproduct_tag&post=136"}],"curies":[{"name":"wp","href":"https:\/\/api.w.org\/{rel}","templated":true}]}}