{"id":129,"date":"2025-02-18T12:49:34","date_gmt":"2025-02-18T12:49:34","guid":{"rendered":"https:\/\/mojaknjiga.com\/?post_type=product&#038;p=129"},"modified":"2025-02-20T12:54:39","modified_gmt":"2025-02-20T12:54:39","slug":"tajni-vilajet","status":"publish","type":"product","link":"https:\/\/mojaknjiga.com\/?product=tajni-vilajet","title":{"rendered":"Tajni Vilajet"},"content":{"rendered":"<p>Mladi agent tajne slu\u017ebe dr\u017eavne bezbjednosti BiH dobija od svog nadre\u0111enog zadatak da dokumentira pripadnike tajne grupe za likvidacije \u201e\u0160eve\u201c. Zajedno sa svojim najodanijim operativcima iz tajne slu\u017ebe, ubrzo hvata najozlogla\u0161enijeg pla\u0107enog ubicu iz ove teroristi\u010dke grupe&#8230; Ovako po\u010dinje nevjerovatna pri\u010da o gospodarima \u017eivota i smrti u opkoljenom Sarajevu.<\/p>\n<p>O Autoru<\/p>\n<p>Edin Garaplija, sin Ibre i Ai\u0161e ro\u0111. Deljkovi\u0107, ro\u0111en je 14.11.1968. godine u Pljevljima, SR Crna Gora. Od 1970. \u017eivi u Sarajevu, gdje je zavr\u0161io osnovnu i srednju gra\u0111evinsku \u0161kolu U tom periodu je aktivno trenirao fudbal, judo i rukomet u Sportskom dru\u0161tvu \u017deljezni\u010dar. Odbrambeni rat je do\u010dekao na gra\u0111evinskom fakultetu u Sarajevu. Od 1991. godine aktivno se uklju\u010duje u patriotske snage sve do primjene prve linije odbrane grada od sredine 1992. po\u010dinje raditi u Slu\u017ebi Dr\u017eavne Bezbjednosti pri Ministarstvu unutra\u0161njih poslova BiH. U tom periodu, vodi niz bitaka za za\u0161titu ustavnog poretka, istra\u017eivanje ratnih zlo\u010dina i dokazivanje svoje nevinosti u montiranom sudskom procesu nakon razotkrivanja tajne grupe za likvidacije &#8220;\u0160eve\u201d.<\/p>\n<p>Od 2002. godine uspje\u0161no se bavi privatnim biznisom u sektoru sigurnosti na \u010demu je i doktorirao 2022. godine na Univerzitetu u Sarajevu. Autor je dvije nau\u010dno-istra\u017eiva\u010dke monografije i dvadesetak nau\u010dnih \u010dlanaka iz sigurnosti i upravljanja rizicima.<\/p>\n","protected":false},"excerpt":{"rendered":"<p>Mladi agent tajne slu\u017ebe dr\u017eavne bezbjednosti BiH dobija od svog nadre\u0111enog zadatak da dokumentira pripadnike tajne grupe za likvidacije \u201e\u0160eve\u201c. Zajedno sa svojim najodanijim operativcima iz tajne slu\u017ebe, ubrzo hvata najozlogla\u0161enijeg pla\u0107enog ubicu iz ove teroristi\u010dke grupe&#8230; Ovako po\u010dinje nevjerovatna pri\u010da o gospodarima \u017eivota i smrti u opkoljenom Sarajevu. O Autoru Edin Garaplija, sin Ibre [&hellip;]<\/p>\n","protected":false},"featured_media":265,"comment_status":"open","ping_status":"closed","template":"","meta":[],"product_brand":[],"product_cat":[15],"product_tag":[],"class_list":{"0":"post-129","1":"product","2":"type-product","3":"status-publish","4":"has-post-thumbnail","6":"product_cat-uncategorized","8":"first","9":"instock","10":"shipping-taxable","11":"purchasable","12":"product-type-simple"},"aioseo_notices":[],"_links":{"self":[{"href":"https:\/\/mojaknjiga.com\/index.php?rest_route=\/wp\/v2\/product\/129","targetHints":{"allow":["GET"]}}],"collection":[{"href":"https:\/\/mojaknjiga.com\/index.php?rest_route=\/wp\/v2\/product"}],"about":[{"href":"https:\/\/mojaknjiga.com\/index.php?rest_route=\/wp\/v2\/types\/product"}],"replies":[{"embeddable":true,"href":"https:\/\/mojaknjiga.com\/index.php?rest_route=%2Fwp%2Fv2%2Fcomments&post=129"}],"wp:featuredmedia":[{"embeddable":true,"href":"https:\/\/mojaknjiga.com\/index.php?rest_route=\/wp\/v2\/media\/265"}],"wp:attachment":[{"href":"https:\/\/mojaknjiga.com\/index.php?rest_route=%2Fwp%2Fv2%2Fmedia&parent=129"}],"wp:term":[{"taxonomy":"product_brand","embeddable":true,"href":"https:\/\/mojaknjiga.com\/index.php?rest_route=%2Fwp%2Fv2%2Fproduct_brand&post=129"},{"taxonomy":"product_cat","embeddable":true,"href":"https:\/\/mojaknjiga.com\/index.php?rest_route=%2Fwp%2Fv2%2Fproduct_cat&post=129"},{"taxonomy":"product_tag","embeddable":true,"href":"https:\/\/mojaknjiga.com\/index.php?rest_route=%2Fwp%2Fv2%2Fproduct_tag&post=129"}],"curies":[{"name":"wp","href":"https:\/\/api.w.org\/{rel}","templated":true}]}}