{"id":90,"date":"2025-02-18T11:41:44","date_gmt":"2025-02-18T11:41:44","guid":{"rendered":"https:\/\/mojaknjiga.com\/?page_id=90"},"modified":"2025-02-18T19:55:13","modified_gmt":"2025-02-18T19:55:13","slug":"elementor-90","status":"publish","type":"page","link":"https:\/\/mojaknjiga.com\/?page_id=90","title":{"rendered":"Izdaja Bosne"},"content":{"rendered":"\t\t<div data-elementor-type=\"wp-page\" data-elementor-id=\"90\" class=\"elementor elementor-90\">\n\t\t\t\t<div class=\"elementor-element elementor-element-4db03be e-flex e-con-boxed e-con e-parent\" data-id=\"4db03be\" data-element_type=\"container\" data-e-type=\"container\">\n\t\t\t\t\t<div class=\"e-con-inner\">\n\t\t\t\t<div class=\"elementor-element elementor-element-ad4e733 elementor-widget elementor-widget-heading\" data-id=\"ad4e733\" data-element_type=\"widget\" data-e-type=\"widget\" data-widget_type=\"heading.default\">\n\t\t\t\t<div class=\"elementor-widget-container\">\n\t\t\t\t\t<h2 class=\"elementor-heading-title elementor-size-default\">O knjizi<\/h2>\t\t\t\t<\/div>\n\t\t\t\t<\/div>\n\t\t\t\t\t<\/div>\n\t\t\t\t<\/div>\n\t\t<div class=\"elementor-element elementor-element-11cc4cf e-flex e-con-boxed e-con e-parent\" data-id=\"11cc4cf\" data-element_type=\"container\" data-e-type=\"container\">\n\t\t\t\t\t<div class=\"e-con-inner\">\n\t\t\t\t<div class=\"elementor-element elementor-element-3a621bd elementor-widget elementor-widget-text-editor\" data-id=\"3a621bd\" data-element_type=\"widget\" data-e-type=\"widget\" data-widget_type=\"text-editor.default\">\n\t\t\t\t<div class=\"elementor-widget-container\">\n\t\t\t\t\t\t\t\t\t<p><strong>\u201cIzdaja Bosne\u201d<\/strong>\u00a0je roman Stjepana Klju\u010di\u0107a koji se bavi temom rata, izdaje i duhovne borbe u kontekstu rata u Bosni i Hercegovini. Ova knjiga istra\u017euje kako ratni sukobi mogu oblikovati sudbine ljudi i njihovu unutarnju dilemu, kao i koliko duboko osje\u0107aj izdaje mo\u017ee utjecati na osobnu i kolektivnu povijest.<\/p><p>Klju\u010di\u0107 se bavi pitanjima identiteta, kolektivne i osobne odgovornosti, te \u0161to zna\u010di biti \u201cdomoljub\u201d u okolnostima rata. Roman tako\u0111er sadr\u017ei duboku kritiku politi\u010dkih elita koje su manipulirale sudbinama ljudi, \u010dine\u0107i ih \u017ertvama svojih ambicija i pogre\u0161nih odluka.<\/p><p><img fetchpriority=\"high\" decoding=\"async\" class=\"aligncenter wp-image-24 size-large\" src=\"https:\/\/mojaknjiga.com\/wp-content\/uploads\/2025\/02\/IMG_3855-768x1024.jpeg\" alt=\"\" width=\"768\" height=\"1024\" srcset=\"https:\/\/mojaknjiga.com\/wp-content\/uploads\/2025\/02\/IMG_3855-768x1024.jpeg 768w, https:\/\/mojaknjiga.com\/wp-content\/uploads\/2025\/02\/IMG_3855-scaled-600x800.jpeg 600w, https:\/\/mojaknjiga.com\/wp-content\/uploads\/2025\/02\/IMG_3855-225x300.jpeg 225w, https:\/\/mojaknjiga.com\/wp-content\/uploads\/2025\/02\/IMG_3855-1152x1536.jpeg 1152w, https:\/\/mojaknjiga.com\/wp-content\/uploads\/2025\/02\/IMG_3855-1536x2048.jpeg 1536w, https:\/\/mojaknjiga.com\/wp-content\/uploads\/2025\/02\/IMG_3855-scaled.jpeg 1920w\" sizes=\"(max-width: 768px) 100vw, 768px\" \/><\/p>\t\t\t\t\t\t\t\t<\/div>\n\t\t\t\t<\/div>\n\t\t\t\t\t<\/div>\n\t\t\t\t<\/div>\n\t\t<div class=\"elementor-element elementor-element-d4b3964 e-flex e-con-boxed e-con e-parent\" data-id=\"d4b3964\" data-element_type=\"container\" data-e-type=\"container\">\n\t\t\t\t\t<div class=\"e-con-inner\">\n\t\t\t\t<div class=\"elementor-element elementor-element-4409d4f elementor-widget elementor-widget-heading\" data-id=\"4409d4f\" data-element_type=\"widget\" data-e-type=\"widget\" data-widget_type=\"heading.default\">\n\t\t\t\t<div class=\"elementor-widget-container\">\n\t\t\t\t\t<h2 class=\"elementor-heading-title elementor-size-default\">O autoru<\/h2>\t\t\t\t<\/div>\n\t\t\t\t<\/div>\n\t\t\t\t\t<\/div>\n\t\t\t\t<\/div>\n\t\t<div class=\"elementor-element elementor-element-95bd187 e-flex e-con-boxed e-con e-parent\" data-id=\"95bd187\" data-element_type=\"container\" data-e-type=\"container\">\n\t\t\t\t\t<div class=\"e-con-inner\">\n\t\t\t\t<div class=\"elementor-element elementor-element-409e987 elementor-widget elementor-widget-text-editor\" data-id=\"409e987\" data-element_type=\"widget\" data-e-type=\"widget\" data-widget_type=\"text-editor.default\">\n\t\t\t\t<div class=\"elementor-widget-container\">\n\t\t\t\t\t\t\t\t\t<p><strong>KLJUI\u0106, Stjepan,<\/strong>\u00a0politi\u010dar i novinar (Sarajevo, 19. XII. 1939). U rodnom gradu zavr\u0161io gimnaziju 1959, na Filozofskom fakultetu studirao jugoslavenske knji\u017eevnosti i filozofiju. Od 1965. radio uglavnom kao \u0161portski novinar u listu\u00a0<em>Oslobo\u0111enje<\/em>\u00a0te, nakon prijepora zbog porabe hrvatskoga jezika, od 1971. u sarajevskom dopisni\u0161tvu\u00a0<em>Vjesnika.<\/em>\u00a0Autor je dviju knji\u017eica o \u0161porta\u0161ima (<em>Ferhatovi\u0107 \u2013 majstor driblinga.<\/em>\u00a0Sarajevo 1964;\u00a0<em>\u017delja za pobjedom \u2013 Dragutin \u0160urbek.<\/em>\u00a0Sarajevo 1973; i engl. izd.) i fotomonografije o BiH\u00a0<em>Ono najbolje. Bosna &amp; Hercegovina<\/em>\u00a0(Sarajevo 2004, i engl. izd.; suautori G. Mili\u0107 i A. Bosni\u0107), a radijska drama\u00a0<em>Junaci iz Los Angelesa<\/em>\u00a0izvedena mu je 1984. na sarajevskoj postaji. God. 1990. napu\u0161ta novinarstvo i suosniva HDZ BiH, u kojoj je politi\u010dki tajnik i v. d. predsjednika (potvr\u0111en 1991, kad je prihva\u0107en i njegov program Suverena BiH i ravnopravni Hrvati u njoj). Nakon prvih demokratskih izbora postao je \u010dlanom Predsjedni\u0161tva SRBiH. Promjenjive politi\u010dke okolnosti utjecale su kako na smjernice njegova djelovanja, tako i na stajali\u0161ta koja je javno iznosio 1990\u201392. Zastupao je nedjeljivost BiH i konstitutivnost triju njezinih naroda, pa \u2013 nakon zao\u0161travanja sukoba u RH, srpskoga prijedloga kantonizacije BiH i napadaja na Ravno \u2013 podjelu Bosne, ali ni u tom nije ustrajao, nego je, brane\u0107i pravo Hrvata u BiH na teritorijalnu samoorganizaciju, promicao formiranje sredi\u0161nje vlade bez srpskih predstavnika i ponovo zagovarao cjelovitost BiH. U HDZ BiH bio je za njezinu neovisnost, onda za upu\u0107enost na zagreba\u010dku sredi\u0161njicu, a zbog nesuglasica je na po\u010d. 1992. dao ostavku (poslije prihva\u0107eno u Sredi\u0161njem odboru). Iz Predsjedni\u0161tva BiH pak istupio je u listopadu na zahtjev vodstva HDZ BiH. Vrativ\u0161i se 1993. u Predsjedni\u0161tvo, u njem je bez ve\u0107ega utjecaja djelovao do 1996, kritiziraju\u0107i monopol Stranke demokratske akcije, islamizaciju Armije BiH, samovolju A. Izetbegovi\u0107a i pristanak \u2013 kako je dr\u017eao \u2013 na podjelu zemlje. God. 1994. osnovao je Republikansku stranku BiH (s programom multinacionalne, sekularne i decentralizirane dr\u017eave na paritetnoj osnovi), koje je do 2002. bio predsjednikom i 1996\u20132000. zastupnikom u Parlamentu Federacije BiH, a s kojom se razi\u0161ao kad je imenovan savjetnikom za vanjsku politiku pri uredu hrvatskoga \u010dlana Predsjedni\u0161tva Republike BiH (2002\u201306). Sura\u0111ivao u zbornicima\u00a0<em>Genocid u Bosni i Hercegovini 1991\u20131995<\/em>\u00a0(Sarajevo\u2014G\u00f6ttingen\u2014Kuala Lumpur 1997),\u00a0<em>Bosnian Paradigm<\/em>\u00a0(Sarajevo 1998),\u00a0<em>Europa i nacionalizam<\/em>\u00a0(Zagreb 2000) i\u00a0<em>Dnevnici Radija \u00bbSlobodna Evropa\u00ab 1994.\u20132000.<\/em>\u00a0(Me\u0111ugorje 2001) te u izdanju\u00a0<em>The Siege of Sarajevo 1992\u20131996<\/em>\u00a0(Sarajevo 2000). Bio 1992\u201393. suosniva\u010d i predsjednik Komisije za prikupljanje dokaza o ratnim zlo\u010dinima po\u010dinjenima na podru\u010dju BiH i 1992. urednik njezina\u00a0<em>Bulletina,<\/em>\u00a01987\u201391. predsjednik Stolnoteniskoga saveza, 1992\u201397. Olimpijskoga komiteta i 2002\u201305. Atletskoga saveza BiH. Dobitnik nagrade Udru\u017eenja novinara BiH 1984.<\/p><p><img decoding=\"async\" class=\"alignnone wp-image-92 size-full\" src=\"https:\/\/mojaknjiga.com\/wp-content\/uploads\/2025\/02\/kljujic77-1.jpg\" alt=\"\" width=\"700\" height=\"402\" srcset=\"https:\/\/mojaknjiga.com\/wp-content\/uploads\/2025\/02\/kljujic77-1.jpg 700w, https:\/\/mojaknjiga.com\/wp-content\/uploads\/2025\/02\/kljujic77-1-300x172.jpg 300w, https:\/\/mojaknjiga.com\/wp-content\/uploads\/2025\/02\/kljujic77-1-600x345.jpg 600w\" sizes=\"(max-width: 700px) 100vw, 700px\" \/><\/p>\t\t\t\t\t\t\t\t<\/div>\n\t\t\t\t<\/div>\n\t\t\t\t\t<\/div>\n\t\t\t\t<\/div>\n\t\t\t\t<\/div>\n\t\t","protected":false},"excerpt":{"rendered":"<p>O knjizi \u201cIzdaja Bosne\u201d\u00a0je roman Stjepana Klju\u010di\u0107a koji se bavi temom rata, izdaje i duhovne borbe u kontekstu rata u Bosni i Hercegovini. Ova knjiga istra\u017euje kako ratni sukobi mogu oblikovati sudbine ljudi i njihovu unutarnju dilemu, kao i koliko duboko osje\u0107aj izdaje mo\u017ee utjecati na osobnu i kolektivnu povijest. Klju\u010di\u0107 se bavi pitanjima identiteta, [&hellip;]<\/p>\n","protected":false},"author":1,"featured_media":0,"parent":0,"menu_order":0,"comment_status":"closed","ping_status":"closed","template":"bosanski-kralj","meta":{"footnotes":""},"class_list":["post-90","page","type-page","status-publish","hentry"],"aioseo_notices":[],"_links":{"self":[{"href":"https:\/\/mojaknjiga.com\/index.php?rest_route=\/wp\/v2\/pages\/90","targetHints":{"allow":["GET"]}}],"collection":[{"href":"https:\/\/mojaknjiga.com\/index.php?rest_route=\/wp\/v2\/pages"}],"about":[{"href":"https:\/\/mojaknjiga.com\/index.php?rest_route=\/wp\/v2\/types\/page"}],"author":[{"embeddable":true,"href":"https:\/\/mojaknjiga.com\/index.php?rest_route=\/wp\/v2\/users\/1"}],"replies":[{"embeddable":true,"href":"https:\/\/mojaknjiga.com\/index.php?rest_route=%2Fwp%2Fv2%2Fcomments&post=90"}],"version-history":[{"count":8,"href":"https:\/\/mojaknjiga.com\/index.php?rest_route=\/wp\/v2\/pages\/90\/revisions"}],"predecessor-version":[{"id":99,"href":"https:\/\/mojaknjiga.com\/index.php?rest_route=\/wp\/v2\/pages\/90\/revisions\/99"}],"wp:attachment":[{"href":"https:\/\/mojaknjiga.com\/index.php?rest_route=%2Fwp%2Fv2%2Fmedia&parent=90"}],"curies":[{"name":"wp","href":"https:\/\/api.w.org\/{rel}","templated":true}]}}