{"id":79,"date":"2025-02-18T11:37:05","date_gmt":"2025-02-18T11:37:05","guid":{"rendered":"https:\/\/mojaknjiga.com\/?page_id=79"},"modified":"2025-02-18T19:55:37","modified_gmt":"2025-02-18T19:55:37","slug":"elementor-79","status":"publish","type":"page","link":"https:\/\/mojaknjiga.com\/?page_id=79","title":{"rendered":"I TO JE TO"},"content":{"rendered":"\t\t<div data-elementor-type=\"wp-page\" data-elementor-id=\"79\" class=\"elementor elementor-79\">\n\t\t\t\t<div class=\"elementor-element elementor-element-97e8d39 e-flex e-con-boxed e-con e-parent\" data-id=\"97e8d39\" data-element_type=\"container\">\n\t\t\t\t\t<div class=\"e-con-inner\">\n\t\t\t\t<div class=\"elementor-element elementor-element-48a23ae elementor-widget elementor-widget-heading\" data-id=\"48a23ae\" data-element_type=\"widget\" data-widget_type=\"heading.default\">\n\t\t\t\t<div class=\"elementor-widget-container\">\n\t\t\t\t\t<h2 class=\"elementor-heading-title elementor-size-default\">O knjizi<\/h2>\t\t\t\t<\/div>\n\t\t\t\t<\/div>\n\t\t\t\t\t<\/div>\n\t\t\t\t<\/div>\n\t\t<div class=\"elementor-element elementor-element-86ba807 e-flex e-con-boxed e-con e-parent\" data-id=\"86ba807\" data-element_type=\"container\">\n\t\t\t\t\t<div class=\"e-con-inner\">\n\t\t\t\t<div class=\"elementor-element elementor-element-28fea2b elementor-widget elementor-widget-text-editor\" data-id=\"28fea2b\" data-element_type=\"widget\" data-widget_type=\"text-editor.default\">\n\t\t\t\t<div class=\"elementor-widget-container\">\n\t\t\t\t\t\t\t\t\t<p><img fetchpriority=\"high\" decoding=\"async\" class=\"aligncenter wp-image-22 size-full\" src=\"https:\/\/mojaknjiga.com\/wp-content\/uploads\/2025\/02\/K2eEgl1yLFVc15LrEGPO.jpg\" alt=\"\" width=\"749\" height=\"999\" srcset=\"https:\/\/mojaknjiga.com\/wp-content\/uploads\/2025\/02\/K2eEgl1yLFVc15LrEGPO.jpg 749w, https:\/\/mojaknjiga.com\/wp-content\/uploads\/2025\/02\/K2eEgl1yLFVc15LrEGPO-600x800.jpg 600w, https:\/\/mojaknjiga.com\/wp-content\/uploads\/2025\/02\/K2eEgl1yLFVc15LrEGPO-225x300.jpg 225w\" sizes=\"(max-width: 749px) 100vw, 749px\" \/><\/p><p>\u201cI to je to\u201d je knjiga autora i odvjetnika Josipa Muselimovi\u0107a, objavljena 2016. godine. Ova zbirka sadr\u017ei pri\u010de i eseje koji odra\u017eavaju autorova profesionalna i \u017eivotna iskustva, pru\u017eaju\u0107i uvid u njegovu bogatu odvjetni\u010dku karijeru i anga\u017eman u dru\u0161tvenim pitanjima. Muselimovi\u0107 je poznat po svom doprinosu pravnoj struci i knji\u017eevnosti u Bosni i Hercegovini, s brojnim objavljenim djelima koja se bave pravdom, humanizmom i dru\u0161tvenim temama.\u00a0<\/p>\t\t\t\t\t\t\t\t<\/div>\n\t\t\t\t<\/div>\n\t\t\t\t\t<\/div>\n\t\t\t\t<\/div>\n\t\t<div class=\"elementor-element elementor-element-69ebe59 e-flex e-con-boxed e-con e-parent\" data-id=\"69ebe59\" data-element_type=\"container\">\n\t\t\t\t\t<div class=\"e-con-inner\">\n\t\t\t\t<div class=\"elementor-element elementor-element-1d1273f elementor-widget elementor-widget-heading\" data-id=\"1d1273f\" data-element_type=\"widget\" data-widget_type=\"heading.default\">\n\t\t\t\t<div class=\"elementor-widget-container\">\n\t\t\t\t\t<h2 class=\"elementor-heading-title elementor-size-default\">O autoru<\/h2>\t\t\t\t<\/div>\n\t\t\t\t<\/div>\n\t\t\t\t\t<\/div>\n\t\t\t\t<\/div>\n\t\t<div class=\"elementor-element elementor-element-58be1aa e-flex e-con-boxed e-con e-parent\" data-id=\"58be1aa\" data-element_type=\"container\">\n\t\t\t\t\t<div class=\"e-con-inner\">\n\t\t\t\t<div class=\"elementor-element elementor-element-b0d605f elementor-widget elementor-widget-text-editor\" data-id=\"b0d605f\" data-element_type=\"widget\" data-widget_type=\"text-editor.default\">\n\t\t\t\t<div class=\"elementor-widget-container\">\n\t\t\t\t\t\t\t\t\t<p>Josip Muselimovi\u0107, akademik, odvjetnik i knji\u017eevnik.\u00a0<\/p><p>Ro\u0111en 1945. u Bijakovi\u0107ima, Me\u0111ugorje, op\u0107ina \u010citluk, Bosna i Hercegovina.\u00a0<br \/>Diplomirao na Pravnom fakultetu 1969. i od tada radi u odvjetni\u0161tvu.\u00a0<br \/>Glavni tajnik Hrvatske akademije znanosti i umjetnosti BiH.<\/p><p>Priznanja:\u00a0<br \/>\uf02d Odlikovanje Republike Hrvatske \u2013\u00a0<em>Red Danice hrvatske s likom Marka Maruli\u0107a<\/em>;\u00a0<br \/>\uf02d Zlatna povelja Matice hrvatske za iznimno uspje\u0161an rad na ostvarivanju programa MH;\u00a0<br \/>\uf02d Zlatna povelja s Plaketom i Zna\u010dkom Internacionalne lige humanista\u00a0<em>Linus Pauling<\/em>;\u00a0<br \/>\uf02d Zlatna povelja s plaketom i zna\u010dkom u povodu imenovanja za internacionalnog odvjetnika obespravljenih osoba;<br \/>\uf02d Zlatna plaketa Hrvatske odvjetni\u010dke komore\u00a0<em>dr. Ivo Politeo<\/em>\u00a0s Poveljom;\u00a0<br \/>\uf02d Zlatna povelja i plaketa za \u017eivotno djelo u odvjetni\u010dkoj profesiji:\u00a0<br \/>\uf02d Advokatske \/ odvjetni\u010dke komore Bosne i Hercegovine,\u00a0<br \/>\uf02d Advokatske komore Crne Gore,\u00a0<br \/>\uf02d Advokatske komore Makedonije,\u00a0<br \/>\uf02d Advokatske komore Srbije i\u00a0<br \/>\uf02d Advokatske komore Vojvodine.<br \/>\uf02d Dobitnik Velike povelje Sportskog saveza Grada Mostara.\u00a0<br \/>\uf02d Nositelj priznanja\u00a0<em>Mimar mira<\/em>, Centra za mir Mostar.<\/p><p><img decoding=\"async\" class=\"aligncenter wp-image-82 size-full\" src=\"https:\/\/mojaknjiga.com\/wp-content\/uploads\/2025\/02\/josip-muselimovic-mostar.webp\" alt=\"\" width=\"1024\" height=\"689\" srcset=\"https:\/\/mojaknjiga.com\/wp-content\/uploads\/2025\/02\/josip-muselimovic-mostar.webp 1024w, https:\/\/mojaknjiga.com\/wp-content\/uploads\/2025\/02\/josip-muselimovic-mostar-300x202.webp 300w, https:\/\/mojaknjiga.com\/wp-content\/uploads\/2025\/02\/josip-muselimovic-mostar-768x517.webp 768w, https:\/\/mojaknjiga.com\/wp-content\/uploads\/2025\/02\/josip-muselimovic-mostar-600x404.webp 600w\" sizes=\"(max-width: 1024px) 100vw, 1024px\" \/><\/p>\t\t\t\t\t\t\t\t<\/div>\n\t\t\t\t<\/div>\n\t\t\t\t\t<\/div>\n\t\t\t\t<\/div>\n\t\t\t\t<\/div>\n\t\t","protected":false},"excerpt":{"rendered":"<p>O knjizi \u201cI to je to\u201d je knjiga autora i odvjetnika Josipa Muselimovi\u0107a, objavljena 2016. godine. Ova zbirka sadr\u017ei pri\u010de i eseje koji odra\u017eavaju autorova profesionalna i \u017eivotna iskustva, pru\u017eaju\u0107i uvid u njegovu bogatu odvjetni\u010dku karijeru i anga\u017eman u dru\u0161tvenim pitanjima. Muselimovi\u0107 je poznat po svom doprinosu pravnoj struci i knji\u017eevnosti u Bosni i Hercegovini, [&hellip;]<\/p>\n","protected":false},"author":1,"featured_media":0,"parent":0,"menu_order":0,"comment_status":"closed","ping_status":"closed","template":"bosanski-kralj","meta":{"footnotes":""},"class_list":["post-79","page","type-page","status-publish","hentry"],"aioseo_notices":[],"_links":{"self":[{"href":"https:\/\/mojaknjiga.com\/index.php?rest_route=\/wp\/v2\/pages\/79","targetHints":{"allow":["GET"]}}],"collection":[{"href":"https:\/\/mojaknjiga.com\/index.php?rest_route=\/wp\/v2\/pages"}],"about":[{"href":"https:\/\/mojaknjiga.com\/index.php?rest_route=\/wp\/v2\/types\/page"}],"author":[{"embeddable":true,"href":"https:\/\/mojaknjiga.com\/index.php?rest_route=\/wp\/v2\/users\/1"}],"replies":[{"embeddable":true,"href":"https:\/\/mojaknjiga.com\/index.php?rest_route=%2Fwp%2Fv2%2Fcomments&post=79"}],"version-history":[{"count":6,"href":"https:\/\/mojaknjiga.com\/index.php?rest_route=\/wp\/v2\/pages\/79\/revisions"}],"predecessor-version":[{"id":88,"href":"https:\/\/mojaknjiga.com\/index.php?rest_route=\/wp\/v2\/pages\/79\/revisions\/88"}],"wp:attachment":[{"href":"https:\/\/mojaknjiga.com\/index.php?rest_route=%2Fwp%2Fv2%2Fmedia&parent=79"}],"curies":[{"name":"wp","href":"https:\/\/api.w.org\/{rel}","templated":true}]}}