{"id":70,"date":"2025-02-18T11:25:02","date_gmt":"2025-02-18T11:25:02","guid":{"rendered":"https:\/\/mojaknjiga.com\/?page_id=70"},"modified":"2025-02-18T11:29:19","modified_gmt":"2025-02-18T11:29:19","slug":"elementor-70","status":"publish","type":"page","link":"https:\/\/mojaknjiga.com\/?page_id=70","title":{"rendered":"Tajni Vilajet"},"content":{"rendered":"\t\t<div data-elementor-type=\"wp-page\" data-elementor-id=\"70\" class=\"elementor elementor-70\">\n\t\t\t\t<div class=\"elementor-element elementor-element-8e6edc2 e-flex e-con-boxed e-con e-parent\" data-id=\"8e6edc2\" data-element_type=\"container\">\n\t\t\t\t\t<div class=\"e-con-inner\">\n\t\t\t\t<div class=\"elementor-element elementor-element-bbe22b9 elementor-widget elementor-widget-heading\" data-id=\"bbe22b9\" data-element_type=\"widget\" data-widget_type=\"heading.default\">\n\t\t\t\t<div class=\"elementor-widget-container\">\n\t\t\t\t\t<h2 class=\"elementor-heading-title elementor-size-default\">O knjizi<\/h2>\t\t\t\t<\/div>\n\t\t\t\t<\/div>\n\t\t\t\t\t<\/div>\n\t\t\t\t<\/div>\n\t\t<div class=\"elementor-element elementor-element-2901bf6 e-con-full e-flex e-con e-parent\" data-id=\"2901bf6\" data-element_type=\"container\">\n\t\t\t\t<div class=\"elementor-element elementor-element-381f026 elementor-widget elementor-widget-text-editor\" data-id=\"381f026\" data-element_type=\"widget\" data-widget_type=\"text-editor.default\">\n\t\t\t\t<div class=\"elementor-widget-container\">\n\t\t\t\t\t\t\t\t\t<p>Mladi agent tajne slu\u017ebe dr\u017eavne bezbjednosti BiH dobija od svog nadre\u0111enog zadatak da dokumentira pripadnike tajne grupe za likvidacije \u201e\u0160eve\u201c. Zajedno sa svojim najodanijim operativcima iz tajne slu\u017ebe, ubrzo hvata najozlogla\u0161enijeg pla\u0107enog ubicu iz ove teroristi\u010dke grupe\u2026 Ovako po\u010dinje nevjerovatna pri\u010da o gospodarima \u017eivota i smrti u opkoljenom Sarajevu.<\/p><p>Nakon hap\u0161enja ozlogla\u0161enog pla\u0107enog ubice, pripadnika odreda \u201e\u0160eve, u toku istrage mladi agent tajne slu\u017ebe dr\u017eavne bezbjednosti BiH od uhap\u0161enog saznaje za stra\u0161ne zlo\u010dine nare\u0111ene od njemu do tada nepoznatih centara mo\u0107i, bliskih vrhu vlasti iz naroda kojem i sam pripada. I dok mladi agent hita da prenese stra\u0161na saznanja svome \u0161efu, ubica koristi nepa\u017enju operativca koji je ostao da ga \u010duva.<\/p><p>Pri poku\u0161aju bjekstva biva ranjen i agenti ga u panici ostavljaju misle\u0107i da je mrtav. Ne slutei \u0161ta mu se sprema mladi agent se vra\u0107a redovnim zadacima, siguran da je dobro obavio povjereni mu zadatak. Ali ga njegov \u0161ef prodaje za svoju li\u010dnu sigurnost i udobnu fotelju. U montiranom procesu, Slu\u017eba mladom agentu dodjeljuje advokata koji lukavo radi protiv njega i prikriva zlo\u010dine koje je otkrio. Nakon 13 mjeseci istra\u017enog pritvora osu\u0111uju ga na 13 godina te\u0161ke robije i smije\u0161taju u strogo \u010duvani zatvor u kome mu se sprema likvidacija. Nekim \u010dudom mladi agent pre\u017eivljava. Mijenja potpla\u0107enog advokata i skre\u0107e pa\u017enju javnosti na svoj slu\u010daj i spletke \u201eduboke dr\u017eave\u201c.<\/p><p>Cijela ispovijest mladog agenta obiluje nevjerojatnim prevratima, paraobavje\u0161tajnim intrigama, politi\u010dkim likvidacijama, kriminalom, la\u017eima i montiranim sudskim procesima iza kojih stoji mo\u0107no tajno bratstvo \u201eDuga. Kako \u0107e uspjeti ostati \u017eiv, iza\u0107i na slobodu, objaviti dokumente i istinu? Kako \u0107e spasiti svoju porodicu i izdr\u017eati sve pritiske kojima su izlo\u017eeni?<\/p><p><img fetchpriority=\"high\" decoding=\"async\" class=\"aligncenter wp-image-21 size-large\" src=\"https:\/\/mojaknjiga.com\/wp-content\/uploads\/2025\/02\/tajni-vilajet-755x1024.jpg\" alt=\"\" width=\"755\" height=\"1024\" srcset=\"https:\/\/mojaknjiga.com\/wp-content\/uploads\/2025\/02\/tajni-vilajet-755x1024.jpg 755w, https:\/\/mojaknjiga.com\/wp-content\/uploads\/2025\/02\/tajni-vilajet-600x814.jpg 600w, https:\/\/mojaknjiga.com\/wp-content\/uploads\/2025\/02\/tajni-vilajet-221x300.jpg 221w, https:\/\/mojaknjiga.com\/wp-content\/uploads\/2025\/02\/tajni-vilajet-768x1042.jpg 768w, https:\/\/mojaknjiga.com\/wp-content\/uploads\/2025\/02\/tajni-vilajet.jpg 796w\" sizes=\"(max-width: 755px) 100vw, 755px\" \/><\/p>\t\t\t\t\t\t\t\t<\/div>\n\t\t\t\t<\/div>\n\t\t\t\t<div class=\"elementor-element elementor-element-3189ec0 elementor-widget elementor-widget-heading\" data-id=\"3189ec0\" data-element_type=\"widget\" data-widget_type=\"heading.default\">\n\t\t\t\t<div class=\"elementor-widget-container\">\n\t\t\t\t\t<h2 class=\"elementor-heading-title elementor-size-default\">O autoru<\/h2>\t\t\t\t<\/div>\n\t\t\t\t<\/div>\n\t\t\t\t<\/div>\n\t\t<div class=\"elementor-element elementor-element-026d2b5 e-flex e-con-boxed e-con e-parent\" data-id=\"026d2b5\" data-element_type=\"container\">\n\t\t\t\t\t<div class=\"e-con-inner\">\n\t\t\t\t<div class=\"elementor-element elementor-element-71abaf4 elementor-widget elementor-widget-text-editor\" data-id=\"71abaf4\" data-element_type=\"widget\" data-widget_type=\"text-editor.default\">\n\t\t\t\t<div class=\"elementor-widget-container\">\n\t\t\t\t\t\t\t\t\t<p>Edin Garaplija, sin Ibre i Ai\u0161e ro\u0111. Deljkovi\u0107, ro\u0111en je 14.11.1968. godine u Pljevljima, SR Crna Gora. Od 1970. \u017eivi u Sarajevu, gdje je zavr\u0161io osnovnu i srednju gra\u0111evinsku \u0161kolu U tom periodu je aktivno trenirao fudbal, judo i rukomet u Sportskom dru\u0161tvu \u017deljezni\u010dar. Odbrambeni rat je do\u010dekao na graevinskom fakultetu u Sarajevu. Od 1991. godine aktivno se uklju\u010duje u patriotske snage sve do primene prve linije odbrane grada od sredine 1992. po\u010dinje raditi u Slu\u017ebi Dr\u017eavne Bezbednosti pri Ministarstvu unutra\u0161njih poslova BiH. U tom periodu, vodi niz bitaka za za\u0161titu ustavnog poretka, istra\u017eivanje ratnih zlo\u010dina i dokazivanje svoje nevinosti u montiranom sudskom procesu nakon razotkrivanja tajne grupe za likvidacije Seve\u201d.<\/p><p>Od 2002. godine uspje\u0161no se bavi privatnim biznisom u sektoru sigurnosti na \u010demu je i doktorirao 2022. godine na Univerzitetu u Sarajevu. Autor je dvije nau\u010dno-istra\u017eiva\u010dke monografije i dvadesetak nau\u010dnih \u010dlanaka iz sigurnosti i upravljanja rizicima.<\/p><p><img decoding=\"async\" class=\"aligncenter wp-image-72 size-full\" src=\"https:\/\/mojaknjiga.com\/wp-content\/uploads\/2025\/02\/edin-garaplija_1727784075_22.png\" alt=\"\" width=\"1024\" height=\"576\" srcset=\"https:\/\/mojaknjiga.com\/wp-content\/uploads\/2025\/02\/edin-garaplija_1727784075_22.png 1024w, https:\/\/mojaknjiga.com\/wp-content\/uploads\/2025\/02\/edin-garaplija_1727784075_22-300x169.png 300w, https:\/\/mojaknjiga.com\/wp-content\/uploads\/2025\/02\/edin-garaplija_1727784075_22-768x432.png 768w, https:\/\/mojaknjiga.com\/wp-content\/uploads\/2025\/02\/edin-garaplija_1727784075_22-600x338.png 600w\" sizes=\"(max-width: 1024px) 100vw, 1024px\" \/><\/p>\t\t\t\t\t\t\t\t<\/div>\n\t\t\t\t<\/div>\n\t\t\t\t\t<\/div>\n\t\t\t\t<\/div>\n\t\t\t\t<\/div>\n\t\t","protected":false},"excerpt":{"rendered":"<p>O knjizi Mladi agent tajne slu\u017ebe dr\u017eavne bezbjednosti BiH dobija od svog nadre\u0111enog zadatak da dokumentira pripadnike tajne grupe za likvidacije \u201e\u0160eve\u201c. Zajedno sa svojim najodanijim operativcima iz tajne slu\u017ebe, ubrzo hvata najozlogla\u0161enijeg pla\u0107enog ubicu iz ove teroristi\u010dke grupe\u2026 Ovako po\u010dinje nevjerovatna pri\u010da o gospodarima \u017eivota i smrti u opkoljenom Sarajevu. Nakon hap\u0161enja ozlogla\u0161enog pla\u0107enog [&hellip;]<\/p>\n","protected":false},"author":1,"featured_media":0,"parent":0,"menu_order":0,"comment_status":"closed","ping_status":"closed","template":"","meta":{"footnotes":""},"class_list":["post-70","page","type-page","status-publish","hentry"],"aioseo_notices":[],"_links":{"self":[{"href":"https:\/\/mojaknjiga.com\/index.php?rest_route=\/wp\/v2\/pages\/70","targetHints":{"allow":["GET"]}}],"collection":[{"href":"https:\/\/mojaknjiga.com\/index.php?rest_route=\/wp\/v2\/pages"}],"about":[{"href":"https:\/\/mojaknjiga.com\/index.php?rest_route=\/wp\/v2\/types\/page"}],"author":[{"embeddable":true,"href":"https:\/\/mojaknjiga.com\/index.php?rest_route=\/wp\/v2\/users\/1"}],"replies":[{"embeddable":true,"href":"https:\/\/mojaknjiga.com\/index.php?rest_route=%2Fwp%2Fv2%2Fcomments&post=70"}],"version-history":[{"count":6,"href":"https:\/\/mojaknjiga.com\/index.php?rest_route=\/wp\/v2\/pages\/70\/revisions"}],"predecessor-version":[{"id":77,"href":"https:\/\/mojaknjiga.com\/index.php?rest_route=\/wp\/v2\/pages\/70\/revisions\/77"}],"wp:attachment":[{"href":"https:\/\/mojaknjiga.com\/index.php?rest_route=%2Fwp%2Fv2%2Fmedia&parent=70"}],"curies":[{"name":"wp","href":"https:\/\/api.w.org\/{rel}","templated":true}]}}