{"id":238,"date":"2025-02-18T20:00:54","date_gmt":"2025-02-18T20:00:54","guid":{"rendered":"https:\/\/mojaknjiga.com\/?page_id=238"},"modified":"2025-02-18T20:03:45","modified_gmt":"2025-02-18T20:03:45","slug":"elementor-238","status":"publish","type":"page","link":"https:\/\/mojaknjiga.com\/?page_id=238","title":{"rendered":"BiH ono Najbolje"},"content":{"rendered":"\t\t<div data-elementor-type=\"wp-page\" data-elementor-id=\"238\" class=\"elementor elementor-238\">\n\t\t\t\t<div class=\"elementor-element elementor-element-c1bc041 e-flex e-con-boxed e-con e-parent\" data-id=\"c1bc041\" data-element_type=\"container\">\n\t\t\t\t\t<div class=\"e-con-inner\">\n\t\t\t\t<div class=\"elementor-element elementor-element-4fa6eec elementor-widget elementor-widget-text-editor\" data-id=\"4fa6eec\" data-element_type=\"widget\" data-widget_type=\"text-editor.default\">\n\t\t\t\t<div class=\"elementor-widget-container\">\n\t\t\t\t\t\t\t\t\t<p data-start=\"0\" data-end=\"316\">Knjiga <strong data-start=\"7\" data-end=\"30\">&#8220;BiH: Ono najbolje&#8221;<\/strong> \u00a0nudi \u010ditateljima jedinstven pogled na Bosnu i Hercegovinu, njene ljepote, historiju, kulturu, te prirodne resurse. Kljuji\u0107 u ovom djelu istra\u017euje bogatstvo koje Bosna i Hercegovina posjeduje, kako u smislu kulturnih, tako i prirodnih dragocjenosti.<\/p><p data-start=\"318\" data-end=\"603\">Knjiga se fokusira na najva\u017enije aspekte koji \u010dine Bosnu i Hercegovinu posebnim odredi\u0161tem za turiste, ali i zna\u010dajnu zemlju u historijskom i politi\u010dkom kontekstu Balkana. Osim prirodnih ljepota, autor se bavi i kulturnim naslije\u0111em, tradicijama i bogatstvom bosanske kulturne ba\u0161tine.<\/p><p data-start=\"605\" data-end=\"937\"><strong data-start=\"605\" data-end=\"623\">&#8220;Ono najbolje&#8221;<\/strong> je sveobuhvatan vodi\u010d kroz najistaknutije aspekte \u017eivota u Bosni i Hercegovini, od njezinih najpoznatijih gradova, do malih skrivenih dragulja koje posjetitelji mogu otkriti. Tako\u0111e, knjiga obra\u0111uje i socijalne i politi\u010dke aspekte zemlje, te nudi uvid u izazove i prilike koje Bosna i Hercegovina ima pred sobom.<\/p><p data-start=\"605\" data-end=\"937\"><img fetchpriority=\"high\" decoding=\"async\" class=\"alignnone size-medium wp-image-26\" src=\"https:\/\/mojaknjiga.com\/wp-content\/uploads\/2025\/02\/IMG_3857-225x300.jpeg\" alt=\"\" width=\"225\" height=\"300\" srcset=\"https:\/\/mojaknjiga.com\/wp-content\/uploads\/2025\/02\/IMG_3857-225x300.jpeg 225w, https:\/\/mojaknjiga.com\/wp-content\/uploads\/2025\/02\/IMG_3857-scaled-600x800.jpeg 600w, https:\/\/mojaknjiga.com\/wp-content\/uploads\/2025\/02\/IMG_3857-768x1024.jpeg 768w, https:\/\/mojaknjiga.com\/wp-content\/uploads\/2025\/02\/IMG_3857-1152x1536.jpeg 1152w, https:\/\/mojaknjiga.com\/wp-content\/uploads\/2025\/02\/IMG_3857-1536x2048.jpeg 1536w, https:\/\/mojaknjiga.com\/wp-content\/uploads\/2025\/02\/IMG_3857-scaled.jpeg 1920w\" sizes=\"(max-width: 225px) 100vw, 225px\" \/><\/p>\t\t\t\t\t\t\t\t<\/div>\n\t\t\t\t<\/div>\n\t\t\t\t\t<\/div>\n\t\t\t\t<\/div>\n\t\t\t\t<\/div>\n\t\t","protected":false},"excerpt":{"rendered":"<p>Knjiga &#8220;BiH: Ono najbolje&#8221; \u00a0nudi \u010ditateljima jedinstven pogled na Bosnu i Hercegovinu, njene ljepote, historiju, kulturu, te prirodne resurse. Kljuji\u0107 u ovom djelu istra\u017euje bogatstvo koje Bosna i Hercegovina posjeduje, kako u smislu kulturnih, tako i prirodnih dragocjenosti. Knjiga se fokusira na najva\u017enije aspekte koji \u010dine Bosnu i Hercegovinu posebnim odredi\u0161tem za turiste, ali i [&hellip;]<\/p>\n","protected":false},"author":1,"featured_media":0,"parent":0,"menu_order":0,"comment_status":"closed","ping_status":"closed","template":"bosanski-kralj","meta":{"footnotes":""},"class_list":["post-238","page","type-page","status-publish","hentry"],"aioseo_notices":[],"_links":{"self":[{"href":"https:\/\/mojaknjiga.com\/index.php?rest_route=\/wp\/v2\/pages\/238","targetHints":{"allow":["GET"]}}],"collection":[{"href":"https:\/\/mojaknjiga.com\/index.php?rest_route=\/wp\/v2\/pages"}],"about":[{"href":"https:\/\/mojaknjiga.com\/index.php?rest_route=\/wp\/v2\/types\/page"}],"author":[{"embeddable":true,"href":"https:\/\/mojaknjiga.com\/index.php?rest_route=\/wp\/v2\/users\/1"}],"replies":[{"embeddable":true,"href":"https:\/\/mojaknjiga.com\/index.php?rest_route=%2Fwp%2Fv2%2Fcomments&post=238"}],"version-history":[{"count":6,"href":"https:\/\/mojaknjiga.com\/index.php?rest_route=\/wp\/v2\/pages\/238\/revisions"}],"predecessor-version":[{"id":245,"href":"https:\/\/mojaknjiga.com\/index.php?rest_route=\/wp\/v2\/pages\/238\/revisions\/245"}],"wp:attachment":[{"href":"https:\/\/mojaknjiga.com\/index.php?rest_route=%2Fwp%2Fv2%2Fmedia&parent=238"}],"curies":[{"name":"wp","href":"https:\/\/api.w.org\/{rel}","templated":true}]}}