{"id":18,"date":"2025-02-17T23:22:04","date_gmt":"2025-02-17T23:22:04","guid":{"rendered":"https:\/\/mojaknjiga.com\/?page_id=18"},"modified":"2025-02-17T23:23:33","modified_gmt":"2025-02-17T23:23:33","slug":"elementor-18","status":"publish","type":"page","link":"https:\/\/mojaknjiga.com\/","title":{"rendered":"PO\u010cETNA"},"content":{"rendered":"\t\t<div data-elementor-type=\"wp-page\" data-elementor-id=\"18\" class=\"elementor elementor-18\">\n\t\t\t\t<div class=\"elementor-element elementor-element-d57334a e-flex e-con-boxed e-con e-parent\" data-id=\"d57334a\" data-element_type=\"container\">\n\t\t\t\t\t<div class=\"e-con-inner\">\n\t\t\t\t<div class=\"elementor-element elementor-element-24be628 elementor-widget elementor-widget-heading\" data-id=\"24be628\" data-element_type=\"widget\" data-widget_type=\"heading.default\">\n\t\t\t\t<div class=\"elementor-widget-container\">\n\t\t\t\t\t<h2 class=\"elementor-heading-title elementor-size-default\">O NAMA<\/h2>\t\t\t\t<\/div>\n\t\t\t\t<\/div>\n\t\t\t\t<div class=\"elementor-element elementor-element-83f1e04 elementor-widget elementor-widget-text-editor\" data-id=\"83f1e04\" data-element_type=\"widget\" data-widget_type=\"text-editor.default\">\n\t\t\t\t<div class=\"elementor-widget-container\">\n\t\t\t\t\t\t\t\t\t<p>\u00a0<\/p><p>Dobrodo\u0161li u Moja Knjiga! Mi smo strastveni ljubitelji knjiga koji \u017eele podijeliti ljubav prema \u010ditanju sa svima. Na\u0161a kolekcija obuhvata \u0161irok spektar \u017eanrova, od beletristike i klasika do stru\u010dne literature.<\/p><p><strong>Na\u0161a misija<\/strong> je u\u010diniti kvalitetne knjige dostupnima svima \u2013 bilo da ste strastveni \u010ditalac, student ili istra\u017eiva\u010d u potrazi za novim znanjem.<\/p><p><strong>Kupovina kod nas je jednostavna!<\/strong> Na\u0161a web stranica omogu\u0107ava vam lako pretra\u017eivanje i naru\u010divanje knjiga iz udobnosti va\u0161eg doma.<\/p><p>Hvala \u0161to ste dio na\u0161e \u010ditala\u010dke zajednice!\u00a0<\/p><p>Posjetite nas i prona\u0111ite svoju sljede\u0107u omiljenu knjigu!<\/p>\t\t\t\t\t\t\t\t<\/div>\n\t\t\t\t<\/div>\n\t\t\t\t\t<\/div>\n\t\t\t\t<\/div>\n\t\t<div class=\"elementor-element elementor-element-4693596 e-grid e-con-boxed e-con e-parent\" data-id=\"4693596\" data-element_type=\"container\">\n\t\t\t\t\t<div class=\"e-con-inner\">\n\t\t\t\t<div class=\"elementor-element elementor-element-426d714 elementor-widget elementor-widget-image\" data-id=\"426d714\" data-element_type=\"widget\" data-widget_type=\"image.default\">\n\t\t\t\t<div class=\"elementor-widget-container\">\n\t\t\t\t\t\t\t\t\t\t\t\t\t\t\t<img fetchpriority=\"high\" decoding=\"async\" width=\"768\" height=\"1024\" src=\"https:\/\/mojaknjiga.com\/wp-content\/uploads\/2025\/02\/IMG_3860-768x1024.jpeg\" class=\"attachment-large size-large wp-image-27\" alt=\"\" srcset=\"https:\/\/mojaknjiga.com\/wp-content\/uploads\/2025\/02\/IMG_3860-768x1024.jpeg 768w, https:\/\/mojaknjiga.com\/wp-content\/uploads\/2025\/02\/IMG_3860-scaled-600x800.jpeg 600w, https:\/\/mojaknjiga.com\/wp-content\/uploads\/2025\/02\/IMG_3860-225x300.jpeg 225w, https:\/\/mojaknjiga.com\/wp-content\/uploads\/2025\/02\/IMG_3860-1152x1536.jpeg 1152w, https:\/\/mojaknjiga.com\/wp-content\/uploads\/2025\/02\/IMG_3860-1536x2048.jpeg 1536w, https:\/\/mojaknjiga.com\/wp-content\/uploads\/2025\/02\/IMG_3860-scaled.jpeg 1920w\" sizes=\"(max-width: 768px) 100vw, 768px\" \/>\t\t\t\t\t\t\t\t\t\t\t\t\t\t\t<\/div>\n\t\t\t\t<\/div>\n\t\t\t\t<div class=\"elementor-element elementor-element-602faac elementor-widget elementor-widget-image\" data-id=\"602faac\" data-element_type=\"widget\" data-widget_type=\"image.default\">\n\t\t\t\t<div class=\"elementor-widget-container\">\n\t\t\t\t\t\t\t\t\t\t\t\t\t\t\t<img decoding=\"async\" width=\"749\" height=\"999\" src=\"https:\/\/mojaknjiga.com\/wp-content\/uploads\/2025\/02\/K2eEgl1yLFVc15LrEGPO.jpg\" class=\"attachment-large size-large wp-image-22\" alt=\"\" srcset=\"https:\/\/mojaknjiga.com\/wp-content\/uploads\/2025\/02\/K2eEgl1yLFVc15LrEGPO.jpg 749w, https:\/\/mojaknjiga.com\/wp-content\/uploads\/2025\/02\/K2eEgl1yLFVc15LrEGPO-600x800.jpg 600w, https:\/\/mojaknjiga.com\/wp-content\/uploads\/2025\/02\/K2eEgl1yLFVc15LrEGPO-225x300.jpg 225w\" sizes=\"(max-width: 749px) 100vw, 749px\" \/>\t\t\t\t\t\t\t\t\t\t\t\t\t\t\t<\/div>\n\t\t\t\t<\/div>\n\t\t\t\t<div class=\"elementor-element elementor-element-30bbb42 elementor-widget elementor-widget-image\" data-id=\"30bbb42\" data-element_type=\"widget\" data-widget_type=\"image.default\">\n\t\t\t\t<div class=\"elementor-widget-container\">\n\t\t\t\t\t\t\t\t\t\t\t\t\t\t\t<img decoding=\"async\" width=\"768\" height=\"1024\" src=\"https:\/\/mojaknjiga.com\/wp-content\/uploads\/2025\/02\/IMG_3855-768x1024.jpeg\" class=\"attachment-large size-large wp-image-24\" alt=\"\" srcset=\"https:\/\/mojaknjiga.com\/wp-content\/uploads\/2025\/02\/IMG_3855-768x1024.jpeg 768w, https:\/\/mojaknjiga.com\/wp-content\/uploads\/2025\/02\/IMG_3855-scaled-600x800.jpeg 600w, https:\/\/mojaknjiga.com\/wp-content\/uploads\/2025\/02\/IMG_3855-225x300.jpeg 225w, https:\/\/mojaknjiga.com\/wp-content\/uploads\/2025\/02\/IMG_3855-1152x1536.jpeg 1152w, https:\/\/mojaknjiga.com\/wp-content\/uploads\/2025\/02\/IMG_3855-1536x2048.jpeg 1536w, https:\/\/mojaknjiga.com\/wp-content\/uploads\/2025\/02\/IMG_3855-scaled.jpeg 1920w\" sizes=\"(max-width: 768px) 100vw, 768px\" \/>\t\t\t\t\t\t\t\t\t\t\t\t\t\t\t<\/div>\n\t\t\t\t<\/div>\n\t\t\t\t<div class=\"elementor-element elementor-element-8bb8297 elementor-widget elementor-widget-image\" data-id=\"8bb8297\" data-element_type=\"widget\" data-widget_type=\"image.default\">\n\t\t\t\t<div class=\"elementor-widget-container\">\n\t\t\t\t\t\t\t\t\t\t\t\t\t\t\t<img loading=\"lazy\" decoding=\"async\" width=\"768\" height=\"1024\" src=\"https:\/\/mojaknjiga.com\/wp-content\/uploads\/2025\/02\/IMG_3856-768x1024.jpeg\" class=\"attachment-large size-large wp-image-25\" alt=\"\" srcset=\"https:\/\/mojaknjiga.com\/wp-content\/uploads\/2025\/02\/IMG_3856-768x1024.jpeg 768w, https:\/\/mojaknjiga.com\/wp-content\/uploads\/2025\/02\/IMG_3856-scaled-600x800.jpeg 600w, https:\/\/mojaknjiga.com\/wp-content\/uploads\/2025\/02\/IMG_3856-225x300.jpeg 225w, https:\/\/mojaknjiga.com\/wp-content\/uploads\/2025\/02\/IMG_3856-1152x1536.jpeg 1152w, https:\/\/mojaknjiga.com\/wp-content\/uploads\/2025\/02\/IMG_3856-1536x2048.jpeg 1536w, https:\/\/mojaknjiga.com\/wp-content\/uploads\/2025\/02\/IMG_3856-scaled.jpeg 1920w\" sizes=\"(max-width: 768px) 100vw, 768px\" \/>\t\t\t\t\t\t\t\t\t\t\t\t\t\t\t<\/div>\n\t\t\t\t<\/div>\n\t\t\t\t<div class=\"elementor-element elementor-element-ed04b2f elementor-widget elementor-widget-image\" data-id=\"ed04b2f\" data-element_type=\"widget\" data-widget_type=\"image.default\">\n\t\t\t\t<div class=\"elementor-widget-container\">\n\t\t\t\t\t\t\t\t\t\t\t\t\t\t\t<img loading=\"lazy\" decoding=\"async\" width=\"768\" height=\"1024\" src=\"https:\/\/mojaknjiga.com\/wp-content\/uploads\/2025\/02\/IMG_3857-768x1024.jpeg\" class=\"attachment-large size-large wp-image-26\" alt=\"\" srcset=\"https:\/\/mojaknjiga.com\/wp-content\/uploads\/2025\/02\/IMG_3857-768x1024.jpeg 768w, https:\/\/mojaknjiga.com\/wp-content\/uploads\/2025\/02\/IMG_3857-scaled-600x800.jpeg 600w, https:\/\/mojaknjiga.com\/wp-content\/uploads\/2025\/02\/IMG_3857-225x300.jpeg 225w, https:\/\/mojaknjiga.com\/wp-content\/uploads\/2025\/02\/IMG_3857-1152x1536.jpeg 1152w, https:\/\/mojaknjiga.com\/wp-content\/uploads\/2025\/02\/IMG_3857-1536x2048.jpeg 1536w, https:\/\/mojaknjiga.com\/wp-content\/uploads\/2025\/02\/IMG_3857-scaled.jpeg 1920w\" sizes=\"(max-width: 768px) 100vw, 768px\" \/>\t\t\t\t\t\t\t\t\t\t\t\t\t\t\t<\/div>\n\t\t\t\t<\/div>\n\t\t\t\t<div class=\"elementor-element elementor-element-738c043 elementor-widget elementor-widget-image\" data-id=\"738c043\" data-element_type=\"widget\" data-widget_type=\"image.default\">\n\t\t\t\t<div class=\"elementor-widget-container\">\n\t\t\t\t\t\t\t\t\t\t\t\t\t\t\t<img loading=\"lazy\" decoding=\"async\" width=\"800\" height=\"1000\" src=\"https:\/\/mojaknjiga.com\/wp-content\/uploads\/2025\/02\/3BHhltPXebTCdpJJ2lV7.jpg\" class=\"attachment-large size-large wp-image-28\" alt=\"\" srcset=\"https:\/\/mojaknjiga.com\/wp-content\/uploads\/2025\/02\/3BHhltPXebTCdpJJ2lV7.jpg 800w, https:\/\/mojaknjiga.com\/wp-content\/uploads\/2025\/02\/3BHhltPXebTCdpJJ2lV7-600x750.jpg 600w, https:\/\/mojaknjiga.com\/wp-content\/uploads\/2025\/02\/3BHhltPXebTCdpJJ2lV7-240x300.jpg 240w, https:\/\/mojaknjiga.com\/wp-content\/uploads\/2025\/02\/3BHhltPXebTCdpJJ2lV7-768x960.jpg 768w\" sizes=\"(max-width: 800px) 100vw, 800px\" \/>\t\t\t\t\t\t\t\t\t\t\t\t\t\t\t<\/div>\n\t\t\t\t<\/div>\n\t\t\t\t\t<\/div>\n\t\t\t\t<\/div>\n\t\t\t\t<\/div>\n\t\t","protected":false},"excerpt":{"rendered":"<p>O NAMA \u00a0 Dobrodo\u0161li u Moja Knjiga! Mi smo strastveni ljubitelji knjiga koji \u017eele podijeliti ljubav prema \u010ditanju sa svima. Na\u0161a kolekcija obuhvata \u0161irok spektar \u017eanrova, od beletristike i klasika do stru\u010dne literature. Na\u0161a misija je u\u010diniti kvalitetne knjige dostupnima svima \u2013 bilo da ste strastveni \u010ditalac, student ili istra\u017eiva\u010d u potrazi za novim znanjem. [&hellip;]<\/p>\n","protected":false},"author":1,"featured_media":0,"parent":0,"menu_order":0,"comment_status":"closed","ping_status":"closed","template":"","meta":{"footnotes":""},"class_list":["post-18","page","type-page","status-publish","hentry"],"aioseo_notices":[],"_links":{"self":[{"href":"https:\/\/mojaknjiga.com\/index.php?rest_route=\/wp\/v2\/pages\/18","targetHints":{"allow":["GET"]}}],"collection":[{"href":"https:\/\/mojaknjiga.com\/index.php?rest_route=\/wp\/v2\/pages"}],"about":[{"href":"https:\/\/mojaknjiga.com\/index.php?rest_route=\/wp\/v2\/types\/page"}],"author":[{"embeddable":true,"href":"https:\/\/mojaknjiga.com\/index.php?rest_route=\/wp\/v2\/users\/1"}],"replies":[{"embeddable":true,"href":"https:\/\/mojaknjiga.com\/index.php?rest_route=%2Fwp%2Fv2%2Fcomments&post=18"}],"version-history":[{"count":5,"href":"https:\/\/mojaknjiga.com\/index.php?rest_route=\/wp\/v2\/pages\/18\/revisions"}],"predecessor-version":[{"id":32,"href":"https:\/\/mojaknjiga.com\/index.php?rest_route=\/wp\/v2\/pages\/18\/revisions\/32"}],"wp:attachment":[{"href":"https:\/\/mojaknjiga.com\/index.php?rest_route=%2Fwp%2Fv2%2Fmedia&parent=18"}],"curies":[{"name":"wp","href":"https:\/\/api.w.org\/{rel}","templated":true}]}}