{"id":112,"date":"2025-02-18T12:23:05","date_gmt":"2025-02-18T12:23:05","guid":{"rendered":"https:\/\/mojaknjiga.com\/?page_id=112"},"modified":"2025-02-18T20:07:09","modified_gmt":"2025-02-18T20:07:09","slug":"elementor-112","status":"publish","type":"page","link":"https:\/\/mojaknjiga.com\/?page_id=112","title":{"rendered":"bosanski kralj po prvi put"},"content":{"rendered":"\t\t<div data-elementor-type=\"wp-page\" data-elementor-id=\"112\" class=\"elementor elementor-112\">\n\t\t\t\t<div class=\"elementor-element elementor-element-2c7c08f e-flex e-con-boxed e-con e-parent\" data-id=\"2c7c08f\" data-element_type=\"container\">\n\t\t\t\t\t<div class=\"e-con-inner\">\n\t\t\t\t<div class=\"elementor-element elementor-element-0552cab elementor-widget elementor-widget-text-editor\" data-id=\"0552cab\" data-element_type=\"widget\" data-widget_type=\"text-editor.default\">\n\t\t\t\t<div class=\"elementor-widget-container\">\n\t\t\t\t\t\t\t\t\t<main class=\"wp-block-group is-layout-flow wp-block-group-is-layout-flow\"><div class=\"entry-content wp-block-post-content has-global-padding is-layout-constrained wp-block-post-content-is-layout-constrained\"><h2 class=\"wp-block-heading\">O knjizi<\/h2><p><img fetchpriority=\"high\" decoding=\"async\" class=\"aligncenter wp-image-62 size-full\" src=\"https:\/\/mojaknjiga.com\/wp-content\/uploads\/2025\/02\/IMG_5516-1-e1739876458872.jpg\" alt=\"\" width=\"1179\" height=\"2010\" srcset=\"https:\/\/mojaknjiga.com\/wp-content\/uploads\/2025\/02\/IMG_5516-1-e1739876458872.jpg 1179w, https:\/\/mojaknjiga.com\/wp-content\/uploads\/2025\/02\/IMG_5516-1-e1739876458872-176x300.jpg 176w, https:\/\/mojaknjiga.com\/wp-content\/uploads\/2025\/02\/IMG_5516-1-e1739876458872-601x1024.jpg 601w, https:\/\/mojaknjiga.com\/wp-content\/uploads\/2025\/02\/IMG_5516-1-e1739876458872-768x1309.jpg 768w, https:\/\/mojaknjiga.com\/wp-content\/uploads\/2025\/02\/IMG_5516-1-e1739876458872-901x1536.jpg 901w, https:\/\/mojaknjiga.com\/wp-content\/uploads\/2025\/02\/IMG_5516-1-e1739876458872-600x1023.jpg 600w\" sizes=\"(max-width: 1179px) 100vw, 1179px\" \/><\/p><p>\u201eBosanski kralj po drugi put me\u0111u Bosancima\u201c je prva knjiga koja na duhovit i satiri\u010dan na\u010din donosi pri\u010du o jednom od najturbulentnijih razdoblja u povijesti Bosne. Ova jedinstvena knjiga kombinira humor, ironiju i o\u0161tru dru\u0161tvenu kritiku, vra\u0107aju\u0107i nas u vrijeme bosanske tragedije s dozom smijeha koja ne skriva ozbiljnu poruku.<\/p><p>Autor koristi satiru kao mo\u0107an alat za prikazivanje politi\u010dkih, dru\u0161tvenih i kulturnih problema koji su mu\u010dili Bosnu u pro\u0161lim vremenima, ali na na\u010din koji istovremeno razveseljava i izaziva duboko razmi\u0161ljanje. Kroz lik Bosanskog kralja, koji se ponovo pojavljuje me\u0111u svojim ljudima, roman postavlja pitanja o vlasti, narodu i identitetu na jedan na\u010din koji je zabavan, ali istovremeno sna\u017eno kriti\u010dki.<\/p><p>\u00a0<\/p><h2 class=\"wp-block-heading\">O autoru<\/h2><figure class=\"wp-block-image size-large\"><img decoding=\"async\" class=\"wp-image-85 aligncenter\" src=\"https:\/\/mojaknjigadotcom.wordpress.com\/wp-content\/uploads\/2025\/02\/fatmir-alispahic.jpg?w=655\" sizes=\"(max-width: 655px) 100vw, 655px\" srcset=\"https:\/\/mojaknjigadotcom.wordpress.com\/wp-content\/uploads\/2025\/02\/fatmir-alispahic.jpg 655w, https:\/\/mojaknjigadotcom.wordpress.com\/wp-content\/uploads\/2025\/02\/fatmir-alispahic.jpg?w=150 150w, https:\/\/mojaknjigadotcom.wordpress.com\/wp-content\/uploads\/2025\/02\/fatmir-alispahic.jpg?w=300 300w\" alt=\"\" width=\"655\" height=\"500\" data-attachment-id=\"85\" data-permalink=\"https:\/\/mojaknjigadotcom.wordpress.com\/bosanski-kralj\/fatmir-alispahic\/\" data-orig-file=\"https:\/\/mojaknjigadotcom.wordpress.com\/wp-content\/uploads\/2025\/02\/fatmir-alispahic.jpg\" data-orig-size=\"655,500\" data-comments-opened=\"1\" data-image-meta=\"{&quot;aperture&quot;:&quot;0&quot;,&quot;credit&quot;:&quot;&quot;,&quot;camera&quot;:&quot;&quot;,&quot;caption&quot;:&quot;&quot;,&quot;created_timestamp&quot;:&quot;0&quot;,&quot;copyright&quot;:&quot;&quot;,&quot;focal_length&quot;:&quot;0&quot;,&quot;iso&quot;:&quot;0&quot;,&quot;shutter_speed&quot;:&quot;0&quot;,&quot;title&quot;:&quot;&quot;,&quot;orientation&quot;:&quot;0&quot;}\" data-image-title=\"fatmir-alispahic\" data-image-description=\"\" data-image-caption=\"\" data-medium-file=\"https:\/\/mojaknjigadotcom.wordpress.com\/wp-content\/uploads\/2025\/02\/fatmir-alispahic.jpg?w=300\" data-large-file=\"https:\/\/mojaknjigadotcom.wordpress.com\/wp-content\/uploads\/2025\/02\/fatmir-alispahic.jpg?w=655\" \/><\/figure><p>Fatmir Alispahi\u0107 je ro\u0111en 9. 11. 1966. godine u Tuzli, u porodici knji\u017eevnika mr. Nijaza Alispahi\u0107a i ginekologinje prof. dr. Nisvete Alispahi\u0107. Njegova sestra je poznata bh. glumica Selma Alispahi\u0107.<br \/>Na Filozofskom fakultetu u Sarajevu je diplomirao komparativnu knji\u017eevnost i bibliotekarstvo, zavr\u0161io postdiplomski studij iz knji\u017eevno-historijskih nauka i odbranio magistarski rad na temu \u201eBo\u0161nja\u010dka drama austrougarskog perioda\u201c.<br \/>Autor je 14 knjiga, \u010detiri izvedena dramska teksta, vi\u0161e desetina televizijskih i radijskih emisija te velikog broja publikacija, izlo\u017ebi, publicisti\u010dkih, stru\u010dnih i nau\u010dnih radova.<br \/>Nagra\u0111ivan je za poeziju, prozu i novinarstvo.<br \/>\u010clan je Dru\u0161tva pisaca Bosne i Hercegovine.<br \/>U knji\u017eevnosti se javio 1989. godine, kada je dobio Nagradu \u201eMak Dizdar\u201c za zbirku poezije \u201eRodoslov\u201c. Nagrade \u201eOslobo\u0111enja\u201c i \u201eGlasa\u201c za kratku pri\u010du dobio je 1990. i 1991. godine. Nije dobitnik ni jednog dru\u0161tvenog priznanja.<br \/>Novinarstvom se bavi od 1988. godine. Prije rata je bio saradnik brojnih listova u biv\u0161oj Jugoslaviji, a poslije rata kolumnista vode\u0107ih bosanskohercegova\u010dkih listova i \u010dasopisa. Nagra\u0111ivan je Godi\u0161njim novinarskim nagradama 1991. i 1993.<br \/>Osniva\u010d je i suosniva\u010d nekoliko nevladinih organizacija, organizator i sudionik brojnih skupova iz oblasti politi\u010dke, dru\u0161tvene i kulturalne zbilje Bosne i Hercegovine. Pokreta\u010d je Nagrade \u201eMe\u0161a Selimovi\u0107\u201c za najbolji roman.<br \/>Autor je nekoliko pisanih spomenika o \u0161ehidima i civilnim \u017ertvama Tuzle.<br \/>Od 1993. do 2003. obavljao funkciju rukovodioca Press centra Op\u0107ine Tuzla.<br \/>U administraciji na\u010delnika Tuzle, mislioca Jasmina Imamovi\u0107a (SDP), je kao magistar nauka anga\u017eiran na poslovima izdavanja potvrda o smrti za lica koja su umrla izvan zdravstvenih ustanova.<\/p><p>\u00a0<\/p><\/div><\/main><div class=\"wp-block-group has-global-padding is-layout-constrained wp-block-group-is-layout-constrained\">\u00a0<\/div>\t\t\t\t\t\t\t\t<\/div>\n\t\t\t\t<\/div>\n\t\t\t\t\t<\/div>\n\t\t\t\t<\/div>\n\t\t\t\t<\/div>\n\t\t","protected":false},"excerpt":{"rendered":"<p>O knjizi \u201eBosanski kralj po drugi put me\u0111u Bosancima\u201c je prva knjiga koja na duhovit i satiri\u010dan na\u010din donosi pri\u010du o jednom od najturbulentnijih razdoblja u povijesti Bosne. Ova jedinstvena knjiga kombinira humor, ironiju i o\u0161tru dru\u0161tvenu kritiku, vra\u0107aju\u0107i nas u vrijeme bosanske tragedije s dozom smijeha koja ne skriva ozbiljnu poruku. Autor koristi satiru [&hellip;]<\/p>\n","protected":false},"author":1,"featured_media":0,"parent":0,"menu_order":0,"comment_status":"closed","ping_status":"closed","template":"bosanski-kralj","meta":{"footnotes":""},"class_list":["post-112","page","type-page","status-publish","hentry"],"aioseo_notices":[],"_links":{"self":[{"href":"https:\/\/mojaknjiga.com\/index.php?rest_route=\/wp\/v2\/pages\/112","targetHints":{"allow":["GET"]}}],"collection":[{"href":"https:\/\/mojaknjiga.com\/index.php?rest_route=\/wp\/v2\/pages"}],"about":[{"href":"https:\/\/mojaknjiga.com\/index.php?rest_route=\/wp\/v2\/types\/page"}],"author":[{"embeddable":true,"href":"https:\/\/mojaknjiga.com\/index.php?rest_route=\/wp\/v2\/users\/1"}],"replies":[{"embeddable":true,"href":"https:\/\/mojaknjiga.com\/index.php?rest_route=%2Fwp%2Fv2%2Fcomments&post=112"}],"version-history":[{"count":5,"href":"https:\/\/mojaknjiga.com\/index.php?rest_route=\/wp\/v2\/pages\/112\/revisions"}],"predecessor-version":[{"id":117,"href":"https:\/\/mojaknjiga.com\/index.php?rest_route=\/wp\/v2\/pages\/112\/revisions\/117"}],"wp:attachment":[{"href":"https:\/\/mojaknjiga.com\/index.php?rest_route=%2Fwp%2Fv2%2Fmedia&parent=112"}],"curies":[{"name":"wp","href":"https:\/\/api.w.org\/{rel}","templated":true}]}}