{"id":104,"date":"2025-02-18T12:20:17","date_gmt":"2025-02-18T12:20:17","guid":{"rendered":"https:\/\/mojaknjiga.com\/?page_id=104"},"modified":"2025-02-18T20:00:06","modified_gmt":"2025-02-18T20:00:06","slug":"elementor-104","status":"publish","type":"page","link":"https:\/\/mojaknjiga.com\/?page_id=104","title":{"rendered":"Fehatovi\u0107: kralj driblinga"},"content":{"rendered":"\t\t<div data-elementor-type=\"wp-page\" data-elementor-id=\"104\" class=\"elementor elementor-104\">\n\t\t\t\t<div class=\"elementor-element elementor-element-59914d0 e-flex e-con-boxed e-con e-parent\" data-id=\"59914d0\" data-element_type=\"container\">\n\t\t\t\t\t<div class=\"e-con-inner\">\n\t\t\t\t<div class=\"elementor-element elementor-element-86bc9bd elementor-widget elementor-widget-text-editor\" data-id=\"86bc9bd\" data-element_type=\"widget\" data-widget_type=\"text-editor.default\">\n\t\t\t\t<div class=\"elementor-widget-container\">\n\t\t\t\t\t\t\t\t\t<h2 class=\"wp-block-heading\">O knjizi<\/h2><p><strong>\u201eFerhatovi\u0107: Kralj driblinga\u201c<\/strong>\u00a0je biografska knjiga posve\u0107ena jednom od najve\u0107ih jugoslovenskih fudbalskih majstora,\u00a0<strong>Ferhatu Ferhatovi\u0107u<\/strong>, koji je bio poznat po svojim izuzetnim driblerskim ve\u0161tinama i stilu igre. Autor, kroz ovu knjigu, detaljno istra\u017euje \u017eivot i karijeru ovog fudbalskog genija, koji je stekao status legende i ikone sporta.<\/p><p>Ferhatovi\u0107 je bio nezaboravan igra\u010d koji je ostavio dubok trag u fudbalu, prepoznatljiv po svojoj eleganciji na terenu i sposobnosti da pro\u0111e kroz odbranu protivni\u010dkih timova s neverovatnim lako\u0107ama. Knjiga prati njegove po\u010detke, uspone i padove, ali i osobni \u017eivot, strast prema fudbalu, kao i zna\u010daj koji je imao za svoju zemlju i timove u kojima je igrao.<\/p><p>Kroz bogat tekst i brojne anegdote, autor prikazuje ne samo tehni\u010dke aspekte igre, ve\u0107 i ljudsku stranu Ferhatovi\u0107a. Kroz ovu biografiju, \u010ditaoci mogu ste\u0107i bolji uvid u njegov karakter, radnu etiku, kao i njegov uticaj na fudbalsku scenu biv\u0161e Jugoslavije.<\/p><p>\u201eFerhatovi\u0107: Kralj driblinga\u201c nije samo pri\u010da o jednom od najboljih fudbalerima svih vremena, ve\u0107 i hommage ljubavi prema sportu i trudu koji stoji iza uspeha. Ova knjiga je nezaobilazno \u0161tivo za sve ljubitelje fudbala i one koji \u017eele da saznaju vi\u0161e o istoriji jugoslovenskog i balkanskog sporta.<\/p><figure class=\"wp-block-image size-large\"><img fetchpriority=\"high\" decoding=\"async\" class=\"wp-image-78\" src=\"https:\/\/mojaknjigadotcom.wordpress.com\/wp-content\/uploads\/2025\/02\/img_5515-1-edited.jpg\" sizes=\"(max-width: 1179px) 100vw, 1179px\" srcset=\"https:\/\/mojaknjigadotcom.wordpress.com\/wp-content\/uploads\/2025\/02\/img_5515-1-edited.jpg 1179w, https:\/\/mojaknjigadotcom.wordpress.com\/wp-content\/uploads\/2025\/02\/img_5515-1-edited.jpg?w=150&amp;h=150 150w, https:\/\/mojaknjigadotcom.wordpress.com\/wp-content\/uploads\/2025\/02\/img_5515-1-edited.jpg?w=300&amp;h=300 300w, https:\/\/mojaknjigadotcom.wordpress.com\/wp-content\/uploads\/2025\/02\/img_5515-1-edited.jpg?w=768&amp;h=768 768w, https:\/\/mojaknjigadotcom.wordpress.com\/wp-content\/uploads\/2025\/02\/img_5515-1-edited.jpg?w=1024&amp;h=1024 1024w\" alt=\"\" width=\"1179\" height=\"1179\" data-attachment-id=\"78\" data-permalink=\"https:\/\/mojaknjigadotcom.wordpress.com\/img_5515-3\/\" data-orig-file=\"https:\/\/mojaknjigadotcom.wordpress.com\/wp-content\/uploads\/2025\/02\/img_5515-1-edited.jpg\" data-orig-size=\"1179,1179\" data-comments-opened=\"1\" data-image-meta=\"{&quot;aperture&quot;:&quot;0&quot;,&quot;credit&quot;:&quot;&quot;,&quot;camera&quot;:&quot;&quot;,&quot;caption&quot;:&quot;&quot;,&quot;created_timestamp&quot;:&quot;0&quot;,&quot;copyright&quot;:&quot;&quot;,&quot;focal_length&quot;:&quot;0&quot;,&quot;iso&quot;:&quot;0&quot;,&quot;shutter_speed&quot;:&quot;0&quot;,&quot;title&quot;:&quot;&quot;,&quot;orientation&quot;:&quot;1&quot;}\" data-image-title=\"IMG_5515\" data-image-description=\"\" data-image-caption=\"\" data-medium-file=\"https:\/\/mojaknjigadotcom.wordpress.com\/wp-content\/uploads\/2025\/02\/img_5515-1-edited.jpg?w=300\" data-large-file=\"https:\/\/mojaknjigadotcom.wordpress.com\/wp-content\/uploads\/2025\/02\/img_5515-1-edited.jpg?w=1024\" \/><\/figure><p>\u00a0<\/p><h2 class=\"wp-block-heading\">O AUTORU<\/h2><figure class=\"wp-block-image size-full\"><img decoding=\"async\" class=\"wp-image-56\" src=\"https:\/\/mojaknjigadotcom.wordpress.com\/wp-content\/uploads\/2025\/02\/kljujic77.jpg\" sizes=\"(max-width: 700px) 100vw, 700px\" srcset=\"https:\/\/mojaknjigadotcom.wordpress.com\/wp-content\/uploads\/2025\/02\/kljujic77.jpg 700w, https:\/\/mojaknjigadotcom.wordpress.com\/wp-content\/uploads\/2025\/02\/kljujic77.jpg?w=150&amp;h=86 150w, https:\/\/mojaknjigadotcom.wordpress.com\/wp-content\/uploads\/2025\/02\/kljujic77.jpg?w=300&amp;h=172 300w\" alt=\"\" width=\"700\" height=\"402\" data-attachment-id=\"56\" data-permalink=\"https:\/\/mojaknjigadotcom.wordpress.com\/o-knjizi-2\/kljujic77\/\" data-orig-file=\"https:\/\/mojaknjigadotcom.wordpress.com\/wp-content\/uploads\/2025\/02\/kljujic77.jpg\" data-orig-size=\"700,402\" data-comments-opened=\"1\" data-image-meta=\"{&quot;aperture&quot;:&quot;0&quot;,&quot;credit&quot;:&quot;&quot;,&quot;camera&quot;:&quot;&quot;,&quot;caption&quot;:&quot;&quot;,&quot;created_timestamp&quot;:&quot;0&quot;,&quot;copyright&quot;:&quot;&quot;,&quot;focal_length&quot;:&quot;0&quot;,&quot;iso&quot;:&quot;0&quot;,&quot;shutter_speed&quot;:&quot;0&quot;,&quot;title&quot;:&quot;&quot;,&quot;orientation&quot;:&quot;0&quot;}\" data-image-title=\"Kljujic77\" data-image-description=\"\" data-image-caption=\"\" data-medium-file=\"https:\/\/mojaknjigadotcom.wordpress.com\/wp-content\/uploads\/2025\/02\/kljujic77.jpg?w=300\" data-large-file=\"https:\/\/mojaknjigadotcom.wordpress.com\/wp-content\/uploads\/2025\/02\/kljujic77.jpg?w=700\" \/><\/figure><p><strong>KLJUI\u0106, Stjepan,<\/strong>\u00a0politi\u010dar i novinar (Sarajevo, 19. XII. 1939). U rodnom gradu zavr\u0161io gimnaziju 1959, na Filozofskom fakultetu studirao jugoslavenske knji\u017eevnosti i filozofiju. Od 1965. radio uglavnom kao \u0161portski novinar u listu\u00a0<em>Oslobo\u0111enje<\/em>\u00a0te, nakon prijepora zbog porabe hrvatskoga jezika, od 1971. u sarajevskom dopisni\u0161tvu\u00a0<em>Vjesnika.<\/em>\u00a0Autor je dviju knji\u017eica o \u0161porta\u0161ima (<em>Ferhatovi\u0107 \u2013 majstor driblinga.<\/em>\u00a0Sarajevo 1964;\u00a0<em>\u017delja za pobjedom \u2013 Dragutin \u0160urbek.<\/em>\u00a0Sarajevo 1973; i engl. izd.) i fotomonografije o BiH\u00a0<em>Ono najbolje. Bosna &amp; Hercegovina<\/em>\u00a0(Sarajevo 2004, i engl. izd.; suautori G. Mili\u0107 i A. Bosni\u0107), a radijska drama\u00a0<em>Junaci iz Los Angelesa<\/em>\u00a0izvedena mu je 1984. na sarajevskoj postaji. God. 1990. napu\u0161ta novinarstvo i suosniva HDZ BiH, u kojoj je politi\u010dki tajnik i v. d. predsjednika (potvr\u0111en 1991, kad je prihva\u0107en i njegov program Suverena BiH i ravnopravni Hrvati u njoj). Nakon prvih demokratskih izbora postao je \u010dlanom Predsjedni\u0161tva SRBiH. Promjenjive politi\u010dke okolnosti utjecale su kako na smjernice njegova djelovanja, tako i na stajali\u0161ta koja je javno iznosio 1990\u201392. Zastupao je nedjeljivost BiH i konstitutivnost triju njezinih naroda, pa \u2013 nakon zao\u0161travanja sukoba u RH, srpskoga prijedloga kantonizacije BiH i napadaja na Ravno \u2013 podjelu Bosne, ali ni u tom nije ustrajao, nego je, brane\u0107i pravo Hrvata u BiH na teritorijalnu samoorganizaciju, promicao formiranje sredi\u0161nje vlade bez srpskih predstavnika i ponovo zagovarao cjelovitost BiH. U HDZ BiH bio je za njezinu neovisnost, onda za upu\u0107enost na zagreba\u010dku sredi\u0161njicu, a zbog nesuglasica je na po\u010d. 1992. dao ostavku (poslije prihva\u0107eno u Sredi\u0161njem odboru). Iz Predsjedni\u0161tva BiH pak istupio je u listopadu na zahtjev vodstva HDZ BiH. Vrativ\u0161i se 1993. u Predsjedni\u0161tvo, u njem je bez ve\u0107ega utjecaja djelovao do 1996, kritiziraju\u0107i monopol Stranke demokratske akcije, islamizaciju Armije BiH, samovolju A. Izetbegovi\u0107a i pristanak \u2013 kako je dr\u017eao \u2013 na podjelu zemlje. God. 1994. osnovao je Republikansku stranku BiH (s programom multinacionalne, sekularne i decentralizirane dr\u017eave na paritetnoj osnovi), koje je do 2002. bio predsjednikom i 1996\u20132000. zastupnikom u Parlamentu Federacije BiH, a s kojom se razi\u0161ao kad je imenovan savjetnikom za vanjsku politiku pri uredu hrvatskoga \u010dlana Predsjedni\u0161tva Republike BiH (2002\u201306). Sura\u0111ivao u zbornicima\u00a0<em>Genocid u Bosni i Hercegovini 1991\u20131995<\/em>\u00a0(Sarajevo\u2014G\u00f6ttingen\u2014Kuala Lumpur 1997),\u00a0<em>Bosnian Paradigm<\/em>\u00a0(Sarajevo 1998),\u00a0<em>Europa i nacionalizam<\/em>\u00a0(Zagreb 2000) i\u00a0<em>Dnevnici Radija \u00bbSlobodna Evropa\u00ab 1994.\u20132000.<\/em>\u00a0(Me\u0111ugorje 2001) te u izdanju\u00a0<em>The Siege of Sarajevo 1992\u20131996<\/em>\u00a0(Sarajevo 2000). Bio 1992\u201393. suosniva\u010d i predsjednik Komisije za prikupljanje dokaza o ratnim zlo\u010dinima po\u010dinjenima na podru\u010dju BiH i 1992. urednik njezina\u00a0<em>Bulletina,<\/em>\u00a01987\u201391. predsjednik Stolnoteniskoga saveza, 1992\u201397. Olimpijskoga komiteta i 2002\u201305. Atletskoga saveza BiH. Dobitnik nagrade Udru\u017eenja novinara BiH 1984.<\/p>\t\t\t\t\t\t\t\t<\/div>\n\t\t\t\t<\/div>\n\t\t\t\t\t<\/div>\n\t\t\t\t<\/div>\n\t\t\t\t<\/div>\n\t\t","protected":false},"excerpt":{"rendered":"<p>O knjizi \u201eFerhatovi\u0107: Kralj driblinga\u201c\u00a0je biografska knjiga posve\u0107ena jednom od najve\u0107ih jugoslovenskih fudbalskih majstora,\u00a0Ferhatu Ferhatovi\u0107u, koji je bio poznat po svojim izuzetnim driblerskim ve\u0161tinama i stilu igre. Autor, kroz ovu knjigu, detaljno istra\u017euje \u017eivot i karijeru ovog fudbalskog genija, koji je stekao status legende i ikone sporta. Ferhatovi\u0107 je bio nezaboravan igra\u010d koji je ostavio [&hellip;]<\/p>\n","protected":false},"author":1,"featured_media":0,"parent":0,"menu_order":0,"comment_status":"closed","ping_status":"closed","template":"bosanski-kralj","meta":{"footnotes":""},"class_list":["post-104","page","type-page","status-publish","hentry"],"aioseo_notices":[],"_links":{"self":[{"href":"https:\/\/mojaknjiga.com\/index.php?rest_route=\/wp\/v2\/pages\/104","targetHints":{"allow":["GET"]}}],"collection":[{"href":"https:\/\/mojaknjiga.com\/index.php?rest_route=\/wp\/v2\/pages"}],"about":[{"href":"https:\/\/mojaknjiga.com\/index.php?rest_route=\/wp\/v2\/types\/page"}],"author":[{"embeddable":true,"href":"https:\/\/mojaknjiga.com\/index.php?rest_route=\/wp\/v2\/users\/1"}],"replies":[{"embeddable":true,"href":"https:\/\/mojaknjiga.com\/index.php?rest_route=%2Fwp%2Fv2%2Fcomments&post=104"}],"version-history":[{"count":5,"href":"https:\/\/mojaknjiga.com\/index.php?rest_route=\/wp\/v2\/pages\/104\/revisions"}],"predecessor-version":[{"id":109,"href":"https:\/\/mojaknjiga.com\/index.php?rest_route=\/wp\/v2\/pages\/104\/revisions\/109"}],"wp:attachment":[{"href":"https:\/\/mojaknjiga.com\/index.php?rest_route=%2Fwp%2Fv2%2Fmedia&parent=104"}],"curies":[{"name":"wp","href":"https:\/\/api.w.org\/{rel}","templated":true}]}}